{"id":11,"date":"2021-11-14T19:08:54","date_gmt":"2021-11-14T18:08:54","guid":{"rendered":"https:\/\/annapa.cz\/?page_id=11"},"modified":"2022-10-15T21:34:33","modified_gmt":"2022-10-15T19:34:33","slug":"o-nas","status":"publish","type":"page","link":"https:\/\/annapa.cz\/?page_id=11","title":{"rendered":"O mn\u011b"},"content":{"rendered":"\n<div class=\"wp-block-image is-style-rounded\"><figure class=\"alignright size-large is-resized\"><img loading=\"lazy\" src=\"https:\/\/annapa.cz\/wp-content\/uploads\/2022\/10\/1pa-670x1024.jpg\" alt=\"\" class=\"wp-image-461\" width=\"463\" height=\"708\" srcset=\"https:\/\/annapa.cz\/wp-content\/uploads\/2022\/10\/1pa-670x1024.jpg 670w, https:\/\/annapa.cz\/wp-content\/uploads\/2022\/10\/1pa-196x300.jpg 196w, https:\/\/annapa.cz\/wp-content\/uploads\/2022\/10\/1pa-768x1173.jpg 768w, https:\/\/annapa.cz\/wp-content\/uploads\/2022\/10\/1pa-1006x1536.jpg 1006w, https:\/\/annapa.cz\/wp-content\/uploads\/2022\/10\/1pa-1341x2048.jpg 1341w, https:\/\/annapa.cz\/wp-content\/uploads\/2022\/10\/1pa.jpg 1542w\" sizes=\"(max-width: 463px) 100vw, 463px\" \/><\/figure><\/div>\n\n\n\n<p>Poch\u00e1z\u00edm z mal\u00e9 vesnice u m\u011bsta S\u00e1zava. V\u017edy se mi l\u00edbilo pozorovat procesy p\u0159\u00edrody a odhalovat jej\u00ed z\u00e1konitosti. A tak i d\u00edky kvalitn\u00ed osobnosti vyu\u010duj\u00edc\u00ed biologie jsem po gymn\u00e1ziu jednozn\u011b\u010dn\u011b sm\u011b\u0159ovala na P\u0159\u00edrodov\u011bdeckou fakultu UK. Tady jsem studovala biologii v cel\u00e9 \u0161\u00ed\u0159i od t\u00e9 bun\u011b\u010dn\u00e9 a molekul\u00e1rn\u00ed, p\u0159es fyziologii a\u017e po vazby v ekosyst\u00e9mech, dost jsem se v\u011bnovala i botanice.<\/p>\n\n\n\n<p>Brzy po maturit\u011b se ke m\u011b dostaly nejr\u016fzn\u011bj\u0161\u00ed porodn\u00ed p\u0159\u00edb\u011bhy, u kter\u00fdch jsem prokrastinovala u\u017e prvn\u00ed zkou\u0161kov\u00e9. Hltala jsem vypr\u00e1v\u011bn\u00ed \u017een, na za\u010d\u00e1tku byla t\u0159eba kniha \u017densk\u00e9 p\u0159\u00edb\u011bhy, Z\u00e1zrak porodu, facebookov\u00e9 skupiny, p\u0159\u00edb\u011bhy pro Ivanu.   Zaujal m\u011b velk\u00fd kontrast v r\u016fzn\u00fdch zku\u0161enostech \u017een, s\u00edla jejich pozitivn\u00edch i negativn\u00edch pro\u017eitk\u016f, v\u00fdznam okolnost\u00ed p\u0159\u00edchodu nov\u00e9ho \u017eivota na sv\u011bt a p\u0159etrv\u00e1vaj\u00edc\u00ed nedostatky v sou\u010dasn\u00e9m syst\u00e9mu p\u00e9\u010de. I d\u00edky studiu P\u0159F jsem z\u00e1rove\u0148 sledovala i odborn\u011bj\u0161\u00ed texty oblasti porodnictv\u00ed a porodn\u00ed asistence, v\u011bdeck\u00e9 \u010dl\u00e1nky, doporu\u010den\u00e9 postupy. Po\u0159\u00eddila mno\u017estv\u00ed knih a \u00fa\u010dastnila se odborn\u00fdch konferenc\u00ed, sledovala a pod\u00edlela se nap\u0159. na festivalech Sv\u011btov\u00e9ho t\u00fddne respektu k porodu a dal\u0161\u00edch aktivit\u00e1ch v oblasti porodnictv\u00ed, porodn\u00ed asistence, rann\u00e9ho rodi\u010dovstv\u00ed, syst\u00e9mu p\u00e9\u010de. <\/p>\n\n\n\n<p>Pro sv\u00e9 kvalifika\u010dn\u00ed pr\u00e1ce v r\u00e1mci studia P\u0159F jsem hledala t\u00e9ma souvisej\u00edc\u00ed s porodem a nakonec z toho vze\u0161lo t\u00e9ma z oblasti imunologie p\u0159ed\u010dasn\u00fdch porod\u016f a NMgr. studium Imunologie. To jsem nakonec dokon\u010dila u\u017e z\u00e1rove\u0148 p\u0159i studiu porodn\u00ed asistence na FZS Z\u010cU v Plzni.<\/p>\n\n\n\n<p>Porodn\u00ed asistenci vn\u00edm\u00e1m jako dar a posl\u00e1n\u00ed. V\u017edy jsem si t\u00e9to profese a zku\u0161en\u00fdch porodn\u00edch asistentek velmi v\u00e1\u017eila, m\u011bla a m\u00e1m k nim respekt. Postupn\u011b jsem uva\u017eovala o tom, \u017ee mo\u017en\u00e1 jednou se sama stanu porodn\u00ed asistentkou. Nakonec to byl rychl\u00fd proces, ke kter\u00e9mu m\u011b jednozna\u010dn\u011b vedla \u0159ada krok\u016f a p\u0159edev\u0161\u00edm \u017eeny, t\u011bhotn\u00e9 i ty libovoln\u011b dlouho po porodu, kter\u00e9 mi sv\u011b\u0159ovaly sv\u00e9 p\u0159\u00edb\u011bhy. Je\u0161t\u011b p\u0159ed studiem jsem tak m\u011bla mnoho informac\u00ed a vyb\u00edrala \u0161kolu, kter\u00e1 mi d\u00e1le co nejl\u00e9pe pom\u016f\u017ee na moj\u00ed cest\u011b k samostatn\u00e9 komunitn\u00ed porodn\u00ed asistenci. Studium bylo n\u00e1ro\u010dn\u00e9 p\u0159edev\u0161\u00edm \u010dasov\u011b, ale d\u00e1valo velk\u00fd smysl. V\u011bnovala jsem pozornost prax\u00edm, abych poznala v\u00edce m\u00edst a p\u0159\u00edstup\u016f, v r\u00e1mci mo\u017enost\u00ed si za\u0159izovala tak\u00e9 mimo\u0161koln\u00ed praxi se zku\u0161en\u011bj\u0161\u00ed kolegyn\u00ed komunitn\u00ed porodn\u00ed asistentkou. Op\u011bt to byly \u017eeny, od kter\u00fdch a d\u00edky kter\u00fdm jsem se u\u010dila a posouvala nejv\u00edce. V r\u00e1mci sv\u00e9 bakal\u00e1\u0159sk\u00e9 pr\u00e1ce jsem se v\u011bnovala perinat\u00e1ln\u00ed ztr\u00e1t\u011b a pot\u0159eb\u00e1m zdravotn\u00edk\u016f.<\/p>\n\n\n\n<p>V komunitn\u00ed porodn\u00ed asistenci mi d\u00e1v\u00e1 smysl kontinu\u00e1ln\u00ed p\u00e9\u010de. Zaj\u00edm\u00e1 m\u011b fyzioterapie, pr\u00e1ce s rebozem, aromaterapie, byliny. Sna\u017e\u00edm se propojovat nejnov\u011bj\u0161\u00ed znalosti modern\u00ed z\u00e1padn\u00ed medic\u00edny a tradi\u010dn\u00ed zku\u0161enosti porodn\u00edch bab, kter\u00e9 jsou \u010dasto p\u0159ekvapiv\u011b v souladu.<\/p>\n","protected":false},"excerpt":{"rendered":"<p>Poch\u00e1z\u00edm z mal\u00e9 vesnice u m\u011bsta S\u00e1zava. V\u017edy se mi l\u00edbilo pozorovat procesy p\u0159\u00edrody a odhalovat jej\u00ed z\u00e1konitosti. A tak i d\u00edky kvalitn\u00ed osobnosti vyu\u010duj\u00edc\u00ed biologie jsem po gymn\u00e1ziu jednozn\u011b\u010dn\u011b sm\u011b\u0159ovala na P\u0159\u00edrodov\u011bdeckou fakultu UK. Tady jsem studovala biologii v cel\u00e9 \u0161\u00ed\u0159i od t\u00e9 bun\u011b\u010dn\u00e9 a molekul\u00e1rn\u00ed, p\u0159es fyziologii a\u017e [&hellip;]<\/p>\n","protected":false},"author":1,"featured_media":0,"parent":0,"menu_order":0,"comment_status":"closed","ping_status":"closed","template":"","meta":{"om_disable_all_campaigns":false,"_monsterinsights_skip_tracking":false,"_monsterinsights_sitenote_active":false,"_monsterinsights_sitenote_note":"","_monsterinsights_sitenote_category":0},"_links":{"self":[{"href":"https:\/\/annapa.cz\/index.php?rest_route=\/wp\/v2\/pages\/11"}],"collection":[{"href":"https:\/\/annapa.cz\/index.php?rest_route=\/wp\/v2\/pages"}],"about":[{"href":"https:\/\/annapa.cz\/index.php?rest_route=\/wp\/v2\/types\/page"}],"author":[{"embeddable":true,"href":"https:\/\/annapa.cz\/index.php?rest_route=\/wp\/v2\/users\/1"}],"replies":[{"embeddable":true,"href":"https:\/\/annapa.cz\/index.php?rest_route=%2Fwp%2Fv2%2Fcomments&post=11"}],"version-history":[{"count":11,"href":"https:\/\/annapa.cz\/index.php?rest_route=\/wp\/v2\/pages\/11\/revisions"}],"predecessor-version":[{"id":481,"href":"https:\/\/annapa.cz\/index.php?rest_route=\/wp\/v2\/pages\/11\/revisions\/481"}],"wp:attachment":[{"href":"https:\/\/annapa.cz\/index.php?rest_route=%2Fwp%2Fv2%2Fmedia&parent=11"}],"curies":[{"name":"wp","href":"https:\/\/api.w.org\/{rel}","templated":true}]}}