{"id":1105,"date":"2026-05-13T10:02:55","date_gmt":"2026-05-13T08:02:55","guid":{"rendered":"https:\/\/annapa.cz\/?page_id=1105"},"modified":"2026-05-13T11:19:44","modified_gmt":"2026-05-13T09:19:44","slug":"podpurna-skupina-pri-kojeni-a-v-materstvi-sazava","status":"publish","type":"page","link":"https:\/\/annapa.cz\/?page_id=1105","title":{"rendered":"Podp\u016frn\u00e1 skupina p\u0159i kojen\u00ed a v mate\u0159stv\u00ed S\u00e1zava"},"content":{"rendered":"\n<p><img loading=\"lazy\" height=\"16\" width=\"16\" alt=\"\ud83e\udd31\" src=\"https:\/\/static.xx.fbcdn.net\/images\/emoji.php\/v9\/tef\/1\/16\/1f931.png\"> Srde\u010dn\u011b zveme v\u0161echny rodi\u010de (\u017eeny koj\u00edc\u00ed, t\u011bhotn\u00e9 pl\u00e1nuj\u00edc\u00ed kojit, nekoj\u00edc\u00ed \u017eeny, p\u0159\u00edpadn\u011b jejich partnery, rodinu) na dal\u0161\u00ed setk\u00e1n\u00ed Podp\u016frn\u00e9 skupinky p\u0159i kojen\u00ed a v mate\u0159stv\u00ed v S\u00e1zav\u011b.<\/p>\n\n\n\n<p>P\u0159ihla\u0161ujte se u organiz\u00e1torek nebo ve WhatsApp skupin\u011b. Po\u0159\u00e1d\u00e1me spolu s LP Kl\u00e1rou Bl\u00e1hovou, potk\u00e1te se v\u017edy minim\u00e1ln\u011b s jednou z n\u00e1s. Skupinky p\u0159in\u00e1\u0161\u00ed prostor pro setk\u00e1v\u00e1n\u00ed, podporu, p\u0159\u00edpravu, prevenci pot\u00ed\u017e\u00ed p\u0159i kojen\u00ed, v\u017edy se pov\u011bnujeme n\u011bjak\u00e9mu t\u00e9matu o kojen\u00ed, ale je tu prostor i pro jin\u00e1 rodi\u010dovsk\u00e1 t\u00e9mata, no\u0161en\u00ed, sp\u00e1nek, p\u0159\u00edkrmy, p\u0159edporodn\u00ed p\u0159\u00edpravu aj. dle pot\u0159eby.<\/p>\n\n\n\n<p>M\u016f\u017eete p\u0159ij\u00edt i spole\u010dn\u011b se star\u0161\u00edmi d\u011btmi.<img loading=\"lazy\" height=\"16\" width=\"16\" alt=\"\u2705\" src=\"https:\/\/static.xx.fbcdn.net\/images\/emoji.php\/v9\/t33\/1\/16\/2705.png\"> Skupinka se setk\u00e1v\u00e1 1x za 14 dn\u00ed ve \u010dtvrtek v lich\u00e9 t\u00fddny, nyn\u00ed od 9:30 do 11:30 v Komunitn\u00edm centru Na K\u00e1cku 87. Vstup 50,- (mo\u017eno platit na m\u00edst\u011b hotov\u011b\/QR kodem), sejdeme se, pokud je 3 a v\u00edce p\u0159ihl\u00e1\u0161en\u00fdch.<\/p>\n\n\n\n<p>M\u00e1me tak\u00e9 k dispozici Fb skupinku Podp\u016frn\u00e1 skupina p\u0159i kojen\u00ed S\u00e1zava: <a href=\"http:\/\/www.facebook.com\/groups\/1081493272411498\">www.facebook.com\/groups\/1081493272411498<\/a><\/p>\n\n\n\n<p>O tom, pro\u010d dnes pot\u0159ebujeme takov\u00e9to podp\u016frn\u00e9 skupinky nejdete n\u011bco tady: <a href=\"http:\/\/www.mamila.sk\/cz\/pre-matky\/podporne\">www.mamila.sk\/cz\/pre-matky\/podporne<\/a><\/p>\n\n\n\n<p>Skupinka b\u011b\u017e\u00ed od 13. 2. 2025! D\u011bkujeme za podporu M\u011bstu S\u00e1zava, informa\u010dn\u00edmu centru a v roce 2025 za podporu Woskovek.<\/p>\n\n\n\n<figure class=\"wp-block-image size-large\"><img loading=\"lazy\" width=\"1024\" height=\"1024\" src=\"https:\/\/annapa.cz\/wp-content\/uploads\/2026\/05\/kojoskupinka-3-1-1024x1024.jpg\" alt=\"\" class=\"wp-image-1162\" srcset=\"https:\/\/annapa.cz\/wp-content\/uploads\/2026\/05\/kojoskupinka-3-1-1024x1024.jpg 1024w, https:\/\/annapa.cz\/wp-content\/uploads\/2026\/05\/kojoskupinka-3-1-300x300.jpg 300w, https:\/\/annapa.cz\/wp-content\/uploads\/2026\/05\/kojoskupinka-3-1-150x150.jpg 150w, https:\/\/annapa.cz\/wp-content\/uploads\/2026\/05\/kojoskupinka-3-1-768x768.jpg 768w, https:\/\/annapa.cz\/wp-content\/uploads\/2026\/05\/kojoskupinka-3-1-1536x1536.jpg 1536w, https:\/\/annapa.cz\/wp-content\/uploads\/2026\/05\/kojoskupinka-3-1-2048x2048.jpg 2048w\" sizes=\"(max-width: 1024px) 100vw, 1024px\" \/><\/figure>\n\n\n\n<figure class=\"wp-block-gallery has-nested-images columns-default is-cropped\">\n<figure class=\"wp-block-image size-large\"><img loading=\"lazy\" width=\"1024\" height=\"1024\" data-id=\"1111\"  src=\"https:\/\/annapa.cz\/wp-content\/uploads\/2026\/05\/kojoskupinka-1024x1024.jpg\" alt=\"\" class=\"wp-image-1111\" srcset=\"https:\/\/annapa.cz\/wp-content\/uploads\/2026\/05\/kojoskupinka-1024x1024.jpg 1024w, https:\/\/annapa.cz\/wp-content\/uploads\/2026\/05\/kojoskupinka-300x300.jpg 300w, https:\/\/annapa.cz\/wp-content\/uploads\/2026\/05\/kojoskupinka-150x150.jpg 150w, https:\/\/annapa.cz\/wp-content\/uploads\/2026\/05\/kojoskupinka-768x768.jpg 768w, https:\/\/annapa.cz\/wp-content\/uploads\/2026\/05\/kojoskupinka-1536x1536.jpg 1536w, https:\/\/annapa.cz\/wp-content\/uploads\/2026\/05\/kojoskupinka-2048x2048.jpg 2048w\" sizes=\"(max-width: 1024px) 100vw, 1024px\" \/><\/figure>\n\n\n\n<figure class=\"wp-block-image size-large\"><img loading=\"lazy\" width=\"1024\" height=\"1024\" data-id=\"1125\"  src=\"https:\/\/annapa.cz\/wp-content\/uploads\/2026\/05\/Podpurna-skupinka2-6-1024x1024.jpg\" alt=\"\" class=\"wp-image-1125\" srcset=\"https:\/\/annapa.cz\/wp-content\/uploads\/2026\/05\/Podpurna-skupinka2-6-1024x1024.jpg 1024w, https:\/\/annapa.cz\/wp-content\/uploads\/2026\/05\/Podpurna-skupinka2-6-300x300.jpg 300w, https:\/\/annapa.cz\/wp-content\/uploads\/2026\/05\/Podpurna-skupinka2-6-150x150.jpg 150w, https:\/\/annapa.cz\/wp-content\/uploads\/2026\/05\/Podpurna-skupinka2-6-768x768.jpg 768w, https:\/\/annapa.cz\/wp-content\/uploads\/2026\/05\/Podpurna-skupinka2-6-1536x1536.jpg 1536w, https:\/\/annapa.cz\/wp-content\/uploads\/2026\/05\/Podpurna-skupinka2-6-2048x2048.jpg 2048w\" sizes=\"(max-width: 1024px) 100vw, 1024px\" \/><\/figure>\n<figcaption class=\"blocks-gallery-caption\"><br>Pam\u00e1tka na prob\u011bhl\u00e1 setk\u00e1n\u00ed podp\u016frn\u00e9 skupinky<\/figcaption><\/figure>\n\n\n\n<figure class=\"wp-block-gallery aligncenter has-nested-images columns-default is-cropped\">\n<figure class=\"wp-block-image size-large\"><img loading=\"lazy\" width=\"1024\" height=\"901\" data-id=\"1128\"  src=\"https:\/\/annapa.cz\/wp-content\/uploads\/2026\/05\/642346033_911736668126285_5265160400984351231_n-1024x901.jpg\" alt=\"\" class=\"wp-image-1128\" srcset=\"https:\/\/annapa.cz\/wp-content\/uploads\/2026\/05\/642346033_911736668126285_5265160400984351231_n-1024x901.jpg 1024w, https:\/\/annapa.cz\/wp-content\/uploads\/2026\/05\/642346033_911736668126285_5265160400984351231_n-300x264.jpg 300w, https:\/\/annapa.cz\/wp-content\/uploads\/2026\/05\/642346033_911736668126285_5265160400984351231_n-768x675.jpg 768w, https:\/\/annapa.cz\/wp-content\/uploads\/2026\/05\/642346033_911736668126285_5265160400984351231_n-1536x1351.jpg 1536w, https:\/\/annapa.cz\/wp-content\/uploads\/2026\/05\/642346033_911736668126285_5265160400984351231_n.jpg 2048w\" sizes=\"(max-width: 1024px) 100vw, 1024px\" \/><\/figure>\n\n\n\n<figure class=\"wp-block-image size-large\"><img loading=\"lazy\" width=\"1024\" height=\"1024\" data-id=\"1126\"  src=\"https:\/\/annapa.cz\/wp-content\/uploads\/2026\/05\/kojoskupinka2-1024x1024.jpg\" alt=\"\" class=\"wp-image-1126\" srcset=\"https:\/\/annapa.cz\/wp-content\/uploads\/2026\/05\/kojoskupinka2-1024x1024.jpg 1024w, https:\/\/annapa.cz\/wp-content\/uploads\/2026\/05\/kojoskupinka2-300x300.jpg 300w, https:\/\/annapa.cz\/wp-content\/uploads\/2026\/05\/kojoskupinka2-150x150.jpg 150w, https:\/\/annapa.cz\/wp-content\/uploads\/2026\/05\/kojoskupinka2-768x768.jpg 768w, https:\/\/annapa.cz\/wp-content\/uploads\/2026\/05\/kojoskupinka2-1536x1536.jpg 1536w, https:\/\/annapa.cz\/wp-content\/uploads\/2026\/05\/kojoskupinka2-2048x2048.jpg 2048w\" sizes=\"(max-width: 1024px) 100vw, 1024px\" \/><\/figure>\n\n\n\n<figure class=\"wp-block-image size-large\"><img loading=\"lazy\" width=\"1024\" height=\"1024\" data-id=\"1158\"  src=\"https:\/\/annapa.cz\/wp-content\/uploads\/2026\/05\/504149595_704421248857829_4793162408538225384_n-1-1024x1024.jpg\" alt=\"\" class=\"wp-image-1158\" srcset=\"https:\/\/annapa.cz\/wp-content\/uploads\/2026\/05\/504149595_704421248857829_4793162408538225384_n-1-1024x1024.jpg 1024w, https:\/\/annapa.cz\/wp-content\/uploads\/2026\/05\/504149595_704421248857829_4793162408538225384_n-1-300x300.jpg 300w, https:\/\/annapa.cz\/wp-content\/uploads\/2026\/05\/504149595_704421248857829_4793162408538225384_n-1-150x150.jpg 150w, https:\/\/annapa.cz\/wp-content\/uploads\/2026\/05\/504149595_704421248857829_4793162408538225384_n-1-768x768.jpg 768w, https:\/\/annapa.cz\/wp-content\/uploads\/2026\/05\/504149595_704421248857829_4793162408538225384_n-1-1536x1536.jpg 1536w, https:\/\/annapa.cz\/wp-content\/uploads\/2026\/05\/504149595_704421248857829_4793162408538225384_n-1.jpg 2048w\" sizes=\"(max-width: 1024px) 100vw, 1024px\" \/><\/figure>\n\n\n\n<figure class=\"wp-block-image size-large\"><img loading=\"lazy\" width=\"1024\" height=\"1024\" data-id=\"1130\"  src=\"https:\/\/annapa.cz\/wp-content\/uploads\/2026\/05\/533113421_761073993192554_2801640560849324903_n-1024x1024.jpg\" alt=\"\" class=\"wp-image-1130\" srcset=\"https:\/\/annapa.cz\/wp-content\/uploads\/2026\/05\/533113421_761073993192554_2801640560849324903_n-1024x1024.jpg 1024w, https:\/\/annapa.cz\/wp-content\/uploads\/2026\/05\/533113421_761073993192554_2801640560849324903_n-300x300.jpg 300w, https:\/\/annapa.cz\/wp-content\/uploads\/2026\/05\/533113421_761073993192554_2801640560849324903_n-150x150.jpg 150w, https:\/\/annapa.cz\/wp-content\/uploads\/2026\/05\/533113421_761073993192554_2801640560849324903_n-768x768.jpg 768w, https:\/\/annapa.cz\/wp-content\/uploads\/2026\/05\/533113421_761073993192554_2801640560849324903_n-1536x1536.jpg 1536w, https:\/\/annapa.cz\/wp-content\/uploads\/2026\/05\/533113421_761073993192554_2801640560849324903_n.jpg 2048w\" sizes=\"(max-width: 1024px) 100vw, 1024px\" \/><\/figure>\n\n\n\n<figure class=\"wp-block-image size-large is-style-rounded\"><img loading=\"lazy\" width=\"1024\" height=\"768\" data-id=\"1137\"  src=\"https:\/\/annapa.cz\/wp-content\/uploads\/2026\/05\/Obrazek-WhatsApp-2025-08-08-v-09.27.31_20e9a4a0-1024x768.jpg\" alt=\"\" class=\"wp-image-1137\" srcset=\"https:\/\/annapa.cz\/wp-content\/uploads\/2026\/05\/Obrazek-WhatsApp-2025-08-08-v-09.27.31_20e9a4a0-1024x768.jpg 1024w, https:\/\/annapa.cz\/wp-content\/uploads\/2026\/05\/Obrazek-WhatsApp-2025-08-08-v-09.27.31_20e9a4a0-300x225.jpg 300w, https:\/\/annapa.cz\/wp-content\/uploads\/2026\/05\/Obrazek-WhatsApp-2025-08-08-v-09.27.31_20e9a4a0-768x576.jpg 768w, https:\/\/annapa.cz\/wp-content\/uploads\/2026\/05\/Obrazek-WhatsApp-2025-08-08-v-09.27.31_20e9a4a0-1536x1152.jpg 1536w, https:\/\/annapa.cz\/wp-content\/uploads\/2026\/05\/Obrazek-WhatsApp-2025-08-08-v-09.27.31_20e9a4a0.jpg 2048w\" sizes=\"(max-width: 1024px) 100vw, 1024px\" \/><\/figure>\n\n\n\n<figure class=\"wp-block-image size-large\"><img loading=\"lazy\" width=\"1024\" height=\"1024\" data-id=\"1132\"  src=\"https:\/\/annapa.cz\/wp-content\/uploads\/2026\/05\/534369594_761073766525910_7033612501346840547_n-1024x1024.jpg\" alt=\"\" class=\"wp-image-1132\" srcset=\"https:\/\/annapa.cz\/wp-content\/uploads\/2026\/05\/534369594_761073766525910_7033612501346840547_n-1024x1024.jpg 1024w, https:\/\/annapa.cz\/wp-content\/uploads\/2026\/05\/534369594_761073766525910_7033612501346840547_n-300x300.jpg 300w, https:\/\/annapa.cz\/wp-content\/uploads\/2026\/05\/534369594_761073766525910_7033612501346840547_n-150x150.jpg 150w, https:\/\/annapa.cz\/wp-content\/uploads\/2026\/05\/534369594_761073766525910_7033612501346840547_n-768x768.jpg 768w, https:\/\/annapa.cz\/wp-content\/uploads\/2026\/05\/534369594_761073766525910_7033612501346840547_n-1536x1536.jpg 1536w, https:\/\/annapa.cz\/wp-content\/uploads\/2026\/05\/534369594_761073766525910_7033612501346840547_n.jpg 2048w\" sizes=\"(max-width: 1024px) 100vw, 1024px\" \/><\/figure>\n\n\n\n<figure class=\"wp-block-image size-large\"><img loading=\"lazy\" width=\"1024\" height=\"1024\" data-id=\"1133\"  src=\"https:\/\/annapa.cz\/wp-content\/uploads\/2026\/05\/534366875_761074269859193_5666295058809770457_n-1024x1024.jpg\" alt=\"\" class=\"wp-image-1133\" srcset=\"https:\/\/annapa.cz\/wp-content\/uploads\/2026\/05\/534366875_761074269859193_5666295058809770457_n-1024x1024.jpg 1024w, https:\/\/annapa.cz\/wp-content\/uploads\/2026\/05\/534366875_761074269859193_5666295058809770457_n-300x300.jpg 300w, https:\/\/annapa.cz\/wp-content\/uploads\/2026\/05\/534366875_761074269859193_5666295058809770457_n-150x150.jpg 150w, https:\/\/annapa.cz\/wp-content\/uploads\/2026\/05\/534366875_761074269859193_5666295058809770457_n-768x768.jpg 768w, https:\/\/annapa.cz\/wp-content\/uploads\/2026\/05\/534366875_761074269859193_5666295058809770457_n-1536x1536.jpg 1536w, https:\/\/annapa.cz\/wp-content\/uploads\/2026\/05\/534366875_761074269859193_5666295058809770457_n.jpg 2048w\" sizes=\"(max-width: 1024px) 100vw, 1024px\" \/><\/figure>\n\n\n\n<figure class=\"wp-block-image size-large\"><img loading=\"lazy\" width=\"1024\" height=\"1024\" data-id=\"1134\"  src=\"https:\/\/annapa.cz\/wp-content\/uploads\/2026\/05\/532128874_761073969859223_652610499945826439_n-1024x1024.jpg\" alt=\"\" class=\"wp-image-1134\" srcset=\"https:\/\/annapa.cz\/wp-content\/uploads\/2026\/05\/532128874_761073969859223_652610499945826439_n-1024x1024.jpg 1024w, https:\/\/annapa.cz\/wp-content\/uploads\/2026\/05\/532128874_761073969859223_652610499945826439_n-300x300.jpg 300w, https:\/\/annapa.cz\/wp-content\/uploads\/2026\/05\/532128874_761073969859223_652610499945826439_n-150x150.jpg 150w, https:\/\/annapa.cz\/wp-content\/uploads\/2026\/05\/532128874_761073969859223_652610499945826439_n-768x768.jpg 768w, https:\/\/annapa.cz\/wp-content\/uploads\/2026\/05\/532128874_761073969859223_652610499945826439_n-1536x1536.jpg 1536w, https:\/\/annapa.cz\/wp-content\/uploads\/2026\/05\/532128874_761073969859223_652610499945826439_n.jpg 2048w\" sizes=\"(max-width: 1024px) 100vw, 1024px\" \/><\/figure>\n\n\n\n<figure class=\"wp-block-image size-large\"><img loading=\"lazy\" width=\"1024\" height=\"1024\" data-id=\"1131\"  src=\"https:\/\/annapa.cz\/wp-content\/uploads\/2026\/05\/490298628_662291819737439_8912980942211276660_n-1024x1024.jpg\" alt=\"\" class=\"wp-image-1131\" srcset=\"https:\/\/annapa.cz\/wp-content\/uploads\/2026\/05\/490298628_662291819737439_8912980942211276660_n-1024x1024.jpg 1024w, https:\/\/annapa.cz\/wp-content\/uploads\/2026\/05\/490298628_662291819737439_8912980942211276660_n-300x300.jpg 300w, https:\/\/annapa.cz\/wp-content\/uploads\/2026\/05\/490298628_662291819737439_8912980942211276660_n-150x150.jpg 150w, https:\/\/annapa.cz\/wp-content\/uploads\/2026\/05\/490298628_662291819737439_8912980942211276660_n-768x768.jpg 768w, https:\/\/annapa.cz\/wp-content\/uploads\/2026\/05\/490298628_662291819737439_8912980942211276660_n-1536x1536.jpg 1536w, https:\/\/annapa.cz\/wp-content\/uploads\/2026\/05\/490298628_662291819737439_8912980942211276660_n.jpg 2048w\" sizes=\"(max-width: 1024px) 100vw, 1024px\" \/><\/figure>\n\n\n\n<figure class=\"wp-block-image size-large\"><img loading=\"lazy\" width=\"1024\" height=\"1024\" data-id=\"1129\"  src=\"https:\/\/annapa.cz\/wp-content\/uploads\/2026\/05\/484373184_642446138388674_2007032255311038837_n-1024x1024.jpg\" alt=\"\" class=\"wp-image-1129\" srcset=\"https:\/\/annapa.cz\/wp-content\/uploads\/2026\/05\/484373184_642446138388674_2007032255311038837_n-1024x1024.jpg 1024w, https:\/\/annapa.cz\/wp-content\/uploads\/2026\/05\/484373184_642446138388674_2007032255311038837_n-300x300.jpg 300w, https:\/\/annapa.cz\/wp-content\/uploads\/2026\/05\/484373184_642446138388674_2007032255311038837_n-150x150.jpg 150w, https:\/\/annapa.cz\/wp-content\/uploads\/2026\/05\/484373184_642446138388674_2007032255311038837_n-768x768.jpg 768w, https:\/\/annapa.cz\/wp-content\/uploads\/2026\/05\/484373184_642446138388674_2007032255311038837_n-1536x1536.jpg 1536w, https:\/\/annapa.cz\/wp-content\/uploads\/2026\/05\/484373184_642446138388674_2007032255311038837_n.jpg 2048w\" sizes=\"(max-width: 1024px) 100vw, 1024px\" \/><figcaption>13. 2. 2025 prvn\u00ed setk\u00e1n\u00ed<\/figcaption><\/figure>\n\n\n\n<figure class=\"wp-block-image size-large is-style-rounded\"><img loading=\"lazy\" width=\"1024\" height=\"768\" data-id=\"1155\"  src=\"https:\/\/annapa.cz\/wp-content\/uploads\/2026\/05\/20250619_120304-kopie-1024x768.jpg\" alt=\"\" class=\"wp-image-1155\" srcset=\"https:\/\/annapa.cz\/wp-content\/uploads\/2026\/05\/20250619_120304-kopie-1024x768.jpg 1024w, https:\/\/annapa.cz\/wp-content\/uploads\/2026\/05\/20250619_120304-kopie-300x225.jpg 300w, https:\/\/annapa.cz\/wp-content\/uploads\/2026\/05\/20250619_120304-kopie-768x576.jpg 768w, https:\/\/annapa.cz\/wp-content\/uploads\/2026\/05\/20250619_120304-kopie-1536x1152.jpg 1536w, https:\/\/annapa.cz\/wp-content\/uploads\/2026\/05\/20250619_120304-kopie-2048x1536.jpg 2048w\" sizes=\"(max-width: 1024px) 100vw, 1024px\" \/><figcaption>19. 6. 2025<\/figcaption><\/figure>\n<\/figure>\n\n\n\n<figure class=\"wp-block-gallery has-nested-images columns-default is-cropped\">\n<figure class=\"wp-block-image size-large\"><img loading=\"lazy\" width=\"1024\" height=\"1024\" data-id=\"1159\"  src=\"https:\/\/annapa.cz\/wp-content\/uploads\/2026\/05\/521335654_740639151902705_164590660322328670_n-1024x1024.jpg\" alt=\"\" class=\"wp-image-1159\" srcset=\"https:\/\/annapa.cz\/wp-content\/uploads\/2026\/05\/521335654_740639151902705_164590660322328670_n-1024x1024.jpg 1024w, https:\/\/annapa.cz\/wp-content\/uploads\/2026\/05\/521335654_740639151902705_164590660322328670_n-300x300.jpg 300w, https:\/\/annapa.cz\/wp-content\/uploads\/2026\/05\/521335654_740639151902705_164590660322328670_n-150x150.jpg 150w, https:\/\/annapa.cz\/wp-content\/uploads\/2026\/05\/521335654_740639151902705_164590660322328670_n-768x768.jpg 768w, https:\/\/annapa.cz\/wp-content\/uploads\/2026\/05\/521335654_740639151902705_164590660322328670_n-1536x1536.jpg 1536w, https:\/\/annapa.cz\/wp-content\/uploads\/2026\/05\/521335654_740639151902705_164590660322328670_n.jpg 2048w\" sizes=\"(max-width: 1024px) 100vw, 1024px\" \/><\/figure>\n\n\n\n<figure class=\"wp-block-image size-large\"><img loading=\"lazy\" width=\"768\" height=\"1024\" data-id=\"1160\"  src=\"https:\/\/annapa.cz\/wp-content\/uploads\/2026\/05\/20250303_151004-8-768x1024.jpg\" alt=\"\" class=\"wp-image-1160\" srcset=\"https:\/\/annapa.cz\/wp-content\/uploads\/2026\/05\/20250303_151004-8-768x1024.jpg 768w, https:\/\/annapa.cz\/wp-content\/uploads\/2026\/05\/20250303_151004-8-225x300.jpg 225w, https:\/\/annapa.cz\/wp-content\/uploads\/2026\/05\/20250303_151004-8-1152x1536.jpg 1152w, https:\/\/annapa.cz\/wp-content\/uploads\/2026\/05\/20250303_151004-8-1536x2048.jpg 1536w, https:\/\/annapa.cz\/wp-content\/uploads\/2026\/05\/20250303_151004-8-scaled.jpg 1920w\" sizes=\"(max-width: 768px) 100vw, 768px\" \/><\/figure>\n\n\n\n<figure class=\"wp-block-image size-large\"><img loading=\"lazy\" width=\"768\" height=\"1024\" data-id=\"1161\"  src=\"https:\/\/annapa.cz\/wp-content\/uploads\/2026\/05\/20250224_145619-8-768x1024.jpg\" alt=\"\" class=\"wp-image-1161\" srcset=\"https:\/\/annapa.cz\/wp-content\/uploads\/2026\/05\/20250224_145619-8-768x1024.jpg 768w, https:\/\/annapa.cz\/wp-content\/uploads\/2026\/05\/20250224_145619-8-225x300.jpg 225w, https:\/\/annapa.cz\/wp-content\/uploads\/2026\/05\/20250224_145619-8-1152x1536.jpg 1152w, https:\/\/annapa.cz\/wp-content\/uploads\/2026\/05\/20250224_145619-8-1536x2048.jpg 1536w, https:\/\/annapa.cz\/wp-content\/uploads\/2026\/05\/20250224_145619-8-scaled.jpg 1920w\" sizes=\"(max-width: 768px) 100vw, 768px\" \/><\/figure>\n<\/figure>\n","protected":false},"excerpt":{"rendered":"<p>Srde\u010dn\u011b zveme v\u0161echny rodi\u010de (\u017eeny koj\u00edc\u00ed, t\u011bhotn\u00e9 pl\u00e1nuj\u00edc\u00ed kojit, nekoj\u00edc\u00ed \u017eeny, p\u0159\u00edpadn\u011b jejich partnery, rodinu) na dal\u0161\u00ed setk\u00e1n\u00ed Podp\u016frn\u00e9 skupinky p\u0159i kojen\u00ed a v mate\u0159stv\u00ed v S\u00e1zav\u011b. P\u0159ihla\u0161ujte se u organiz\u00e1torek nebo ve WhatsApp skupin\u011b. Po\u0159\u00e1d\u00e1me spolu s LP Kl\u00e1rou Bl\u00e1hovou, potk\u00e1te se v\u017edy minim\u00e1ln\u011b s jednou z n\u00e1s. Skupinky [&hellip;]<\/p>\n","protected":false},"author":1,"featured_media":0,"parent":904,"menu_order":-1,"comment_status":"closed","ping_status":"closed","template":"","meta":{"om_disable_all_campaigns":false,"_monsterinsights_skip_tracking":false,"_monsterinsights_sitenote_active":false,"_monsterinsights_sitenote_note":"","_monsterinsights_sitenote_category":0},"_links":{"self":[{"href":"https:\/\/annapa.cz\/index.php?rest_route=\/wp\/v2\/pages\/1105"}],"collection":[{"href":"https:\/\/annapa.cz\/index.php?rest_route=\/wp\/v2\/pages"}],"about":[{"href":"https:\/\/annapa.cz\/index.php?rest_route=\/wp\/v2\/types\/page"}],"author":[{"embeddable":true,"href":"https:\/\/annapa.cz\/index.php?rest_route=\/wp\/v2\/users\/1"}],"replies":[{"embeddable":true,"href":"https:\/\/annapa.cz\/index.php?rest_route=%2Fwp%2Fv2%2Fcomments&post=1105"}],"version-history":[{"count":3,"href":"https:\/\/annapa.cz\/index.php?rest_route=\/wp\/v2\/pages\/1105\/revisions"}],"predecessor-version":[{"id":1173,"href":"https:\/\/annapa.cz\/index.php?rest_route=\/wp\/v2\/pages\/1105\/revisions\/1173"}],"up":[{"embeddable":true,"href":"https:\/\/annapa.cz\/index.php?rest_route=\/wp\/v2\/pages\/904"}],"wp:attachment":[{"href":"https:\/\/annapa.cz\/index.php?rest_route=%2Fwp%2Fv2%2Fmedia&parent=1105"}],"curies":[{"name":"wp","href":"https:\/\/api.w.org\/{rel}","templated":true}]}}