{"id":116,"date":"2022-02-01T17:33:16","date_gmt":"2022-02-01T16:33:16","guid":{"rendered":"https:\/\/annapa.cz\/?page_id=116"},"modified":"2023-08-07T16:55:22","modified_gmt":"2023-08-07T14:55:22","slug":"knihy","status":"publish","type":"page","link":"https:\/\/annapa.cz\/?page_id=116","title":{"rendered":"Knihy"},"content":{"rendered":"\n<figure class=\"wp-block-table alignwide\"><table><tbody><tr><td>N\u00e1sleduj\u00edc\u00ed tituly si m\u016f\u017eete ode m\u011b zap\u016fj\u010dit v r\u00e1mci m\u00fdch slu\u017eeb (podle aktu\u00e1ln\u00ed dostupnosti):<br>knihy tu\u010dn\u011b doporu\u010duji p\u0159ed porodem, knihy kurz\u00edvou jsou sp\u00ed\u0161 historick\u00e9\/odborn\u00e9 zaj\u00edmav\u00e9 sp\u00ed\u0161e pro kolegyn\u011b<br><br><strong>Aby porod nebolel; Lucie Such\u00e1-Groverov\u00e1<\/strong><\/td><\/tr><tr><td>AHA! rodi\u010dovstv\u00ed; Laura Markhamov\u00e1<\/td><\/tr><tr><td><strong><strong>Aktivn\u00ed porod; Janet Balaskasov\u00e1<\/strong><\/strong><\/td><\/tr><tr><td>Bolestiv\u00e9 m\u011bs\u00ed\u010dky, sbohem!; Caroline Oblasser<\/td><\/tr><tr><td><strong>Co je pro m\u011b dobr\u00e9, Rozhodov\u00e1n\u00ed v&nbsp;dob\u011b t\u011bhotenstv\u00ed a porodu; Sara Wickhamov\u00e1<\/strong><\/td><\/tr><tr><td>Cvi\u010den\u00ed v t\u011bhotenstv\u00ed a \u0161estined\u011bl\u00ed; Blanka Ber\u00e1nkov\u00e1<\/td><\/tr><tr><td>Cyklick\u00e1 \u017eena; Miranda Gray<\/td><\/tr><tr><td>\u010cekala jsem miminko, ale\u2026; Lucie Lebdu\u0161kov\u00e1<\/td><\/tr><tr><td><strong>Fascinuj\u00edc\u00ed mysl novorozen\u00e9ho d\u00edt\u011bte; David Chamberlain<\/strong><\/td><\/tr><tr><td>Hovory s porodn\u00ed b\u00e1bou; Jana Dole\u017ealov\u00e1&nbsp;&nbsp;<\/td><\/tr><tr><td><strong>Hypnoporod; Marie Mongan&nbsp;&nbsp;<\/strong><\/td><\/tr><tr><td><strong>Koncept kontinua; Jean Liedloffov\u00e1<\/strong><\/td><\/tr><tr><td>L\u00e1ska jako v\u011bda; Michel Odent<\/td><\/tr><tr><td>Lotosov\u00fd porod; Schivam Rachana<\/td><\/tr><tr><td>Maminko maluj; Kate\u0159ina-Bor\u010din Mocov\u00e1<\/td><\/tr><tr><td><strong>Mat\u0159stv\u00ed, aneb setk\u00e1n\u00ed \u017eeny s vlastn\u00edm st\u00ednem; Laura Gutmanov\u00e1<\/strong><\/td><\/tr><tr><td><strong>Miminka v&nbsp;bezpe\u010d\u00ed; Julie Dibbernov\u00e1<\/strong><\/td><\/tr><tr><td>Mo\u017enost volby; Zuzana \u0160tromerov\u00e1<\/td><\/tr><tr><td>Mu\u017esk\u00fd p\u0159\u00edstup aneb jak l\u00e9ka\u0159i manipuluj\u00ed se&nbsp;\u017eenami; Robert S. Mendhelson<\/td><\/tr><tr><td>Na\u0161e cesta ke kojen\u00ed; Tereza Myn\u00e1\u0159ov\u00e1<\/td><\/tr><tr><td>Na\u0161e d\u011bti, na\u0161e sv\u011bty; jak biologie a kultura ovliv\u0148uj\u00ed na\u0161e rodi\u010dovstv\u00ed; Meredith F. Smallov\u00e1<\/td><\/tr><tr><td>N\u00e1vod na \u017eeny; Dana-Sofie \u0160lancarov\u00e1, Erik Hutter<\/td><\/tr><tr><td><strong><em>N\u00e1vrat k porodu jako p\u0159echodov\u00e9mu ritu\u00e1lu; Rachel Reed<\/em><\/strong><\/td><\/tr><tr><td><em>&#8222;Neznal\u00e9&#8220; b\u00e1by a &#8222;vzd\u011blan\u00ed&#8220; l\u00e9ka\u0159i? Hana Jadrn\u00e1 Mat\u011bjkov\u00e1<\/em><\/td><\/tr><tr><td><strong>Nov\u00e1 doba porodn\u00ed; Vlastimil Marek<\/strong><\/td><\/tr><tr><td><strong>Orgasmick\u00fd porod; Elisabeth Davisov\u00e1, Debra Pascali-Bonarov\u00e1<\/strong><\/td><\/tr><tr><td><em>Perinat\u00e1ln\u00ed paliativn\u00ed p\u00e9\u010de; Kate\u0159ina Ratislavov\u00e1<\/em><\/td><\/tr><tr><td>Pohled do mate\u0159sk\u00e9ho l\u016fna; David Chamberlain<\/td><\/tr><tr><td>Porod a budoucnost homo sapiens; Michel Odent<\/td><\/tr><tr><td>Porod s&nbsp;dulou; John Kennell, Marshall Klaus a Phyllis Klaus<\/td><\/tr><tr><td><strong>Praktick\u00fd n\u00e1vod na kojen\u00ed; Mamila<\/strong><\/td><\/tr><tr><td>P\u0159\u00edb\u011bhy zrozen\u00ed; Dana Lund Balounov\u00e1<\/td><\/tr><tr><td>P\u0159irozen\u00e9 funkce orgasm\u016f p\u0159i milov\u00e1n\u00ed, porodu a kojen\u00ed; Michel Odent<\/td><\/tr><tr><td><em>Psychosoci\u00e1ln\u00ed podpora p\u0159i \u00famrt\u00ed miminka (pr\u016fvodce pro u\u010ditele pom\u00e1haj\u00edc\u00edch profes\u00ed); Kate\u0159ina Ratislavov\u00e1<\/em><\/td><\/tr><tr><td>Rud\u00fd m\u011bs\u00edc; Miranda Gray<\/td><\/tr><tr><td><strong>Slzy po porodu; Elisabeth Geisel<\/strong><\/td><\/tr><tr><td><em>T\u011blo mezi medic\u00ednou a discipl\u00ednou; Lenderov\u00e1, Tinkov\u00e1, Hanul\u00edk<\/em><\/td><\/tr><tr><td>V\u016fn\u011b \u017eivota; aromaterapie pro t\u011bhotenstv\u00ed a zdrav\u00fd \u017eivotn\u00ed styl, Vivian Luny<\/td><\/tr><tr><td>Vychov\u00e1v\u00e1me d\u011bti a rosteme s nimi; Naomi Aldortov\u00e1<\/td><\/tr><tr><td><em>Z den\u00edku porodn\u00ed babi\u010dky; Eli\u0161ka Burgerov\u00e1<\/em><\/td><\/tr><tr><td><strong>Z\u00e1zrak porodu; Ina May Gaskin<\/strong><\/td><\/tr><tr><td><em>Zdravotn\u00ed slu\u017eby &#8211; \u00fapln\u00e9 zn\u011bn\u00ed z\u00e1kona<\/em><\/td><\/tr><tr><td><strong>Zdrav\u00e9 T\u011bhotenstv\u00ed, P\u0159irozen\u00fd Porod; Ingeborg Stadelmann<\/strong><\/td><\/tr><tr><td>Znovuzrozen\u00e1; So\u0148a Kolmanov\u00e1<\/td><\/tr><tr><td><strong>Znovuzrozen\u00fd porod; Michel Odent<\/strong><\/td><\/tr><tr><td><em>\u017dena l\u00e9ka\u0159kou; MUDr. A. Bayerov\u00e1 dle A. Fischerov\u00e9; 1923<\/em><\/td><\/tr><tr><td>\u017densk\u00e9 p\u0159\u00edb\u011bhy; Lilia Khousnoutdinova<\/td><\/tr><tr><td>\u017densk\u00e9 p\u0159\u00edb\u011bhy II; Lilia Khousnoutdinova<\/td><\/tr><\/tbody><\/table><\/figure>\n\n\n\n<figure class=\"wp-block-image size-large\"><img loading=\"lazy\" width=\"1024\" height=\"768\" src=\"https:\/\/annapa.cz\/wp-content\/uploads\/2022\/02\/60563248_2760589570624123_5226765742266908672_n-1024x768.jpg\" alt=\"\" class=\"wp-image-117\" srcset=\"https:\/\/annapa.cz\/wp-content\/uploads\/2022\/02\/60563248_2760589570624123_5226765742266908672_n-1024x768.jpg 1024w, https:\/\/annapa.cz\/wp-content\/uploads\/2022\/02\/60563248_2760589570624123_5226765742266908672_n-300x225.jpg 300w, https:\/\/annapa.cz\/wp-content\/uploads\/2022\/02\/60563248_2760589570624123_5226765742266908672_n-768x576.jpg 768w, https:\/\/annapa.cz\/wp-content\/uploads\/2022\/02\/60563248_2760589570624123_5226765742266908672_n-1536x1152.jpg 1536w, https:\/\/annapa.cz\/wp-content\/uploads\/2022\/02\/60563248_2760589570624123_5226765742266908672_n.jpg 2048w\" sizes=\"(max-width: 1024px) 100vw, 1024px\" \/><\/figure>\n","protected":false},"excerpt":{"rendered":"<p>N\u00e1sleduj\u00edc\u00ed tituly si m\u016f\u017eete ode m\u011b zap\u016fj\u010dit v r\u00e1mci m\u00fdch slu\u017eeb (podle aktu\u00e1ln\u00ed dostupnosti):knihy tu\u010dn\u011b doporu\u010duji p\u0159ed porodem, knihy kurz\u00edvou jsou sp\u00ed\u0161 historick\u00e9\/odborn\u00e9 zaj\u00edmav\u00e9 sp\u00ed\u0161e pro kolegyn\u011b Aby porod nebolel; Lucie Such\u00e1-Groverov\u00e1 AHA! rodi\u010dovstv\u00ed; Laura Markhamov\u00e1 Aktivn\u00ed porod; Janet Balaskasov\u00e1 Bolestiv\u00e9 m\u011bs\u00ed\u010dky, sbohem!; Caroline Oblasser Co je pro m\u011b dobr\u00e9, [&hellip;]<\/p>\n","protected":false},"author":1,"featured_media":0,"parent":71,"menu_order":1,"comment_status":"closed","ping_status":"closed","template":"","meta":{"om_disable_all_campaigns":false,"_monsterinsights_skip_tracking":false,"_monsterinsights_sitenote_active":false,"_monsterinsights_sitenote_note":"","_monsterinsights_sitenote_category":0},"_links":{"self":[{"href":"https:\/\/annapa.cz\/index.php?rest_route=\/wp\/v2\/pages\/116"}],"collection":[{"href":"https:\/\/annapa.cz\/index.php?rest_route=\/wp\/v2\/pages"}],"about":[{"href":"https:\/\/annapa.cz\/index.php?rest_route=\/wp\/v2\/types\/page"}],"author":[{"embeddable":true,"href":"https:\/\/annapa.cz\/index.php?rest_route=\/wp\/v2\/users\/1"}],"replies":[{"embeddable":true,"href":"https:\/\/annapa.cz\/index.php?rest_route=%2Fwp%2Fv2%2Fcomments&post=116"}],"version-history":[{"count":6,"href":"https:\/\/annapa.cz\/index.php?rest_route=\/wp\/v2\/pages\/116\/revisions"}],"predecessor-version":[{"id":809,"href":"https:\/\/annapa.cz\/index.php?rest_route=\/wp\/v2\/pages\/116\/revisions\/809"}],"up":[{"embeddable":true,"href":"https:\/\/annapa.cz\/index.php?rest_route=\/wp\/v2\/pages\/71"}],"wp:attachment":[{"href":"https:\/\/annapa.cz\/index.php?rest_route=%2Fwp%2Fv2%2Fmedia&parent=116"}],"curies":[{"name":"wp","href":"https:\/\/api.w.org\/{rel}","templated":true}]}}