{"id":1165,"date":"2026-05-13T11:09:20","date_gmt":"2026-05-13T09:09:20","guid":{"rendered":"https:\/\/annapa.cz\/?page_id=1165"},"modified":"2026-05-13T11:09:20","modified_gmt":"2026-05-13T09:09:20","slug":"pujceni-porodniho-bazenku","status":"publish","type":"page","link":"https:\/\/annapa.cz\/?page_id=1165","title":{"rendered":"P\u016fj\u010den\u00ed porodn\u00edho baz\u00e9nku"},"content":{"rendered":"","protected":false},"excerpt":{"rendered":"","protected":false},"author":1,"featured_media":0,"parent":0,"menu_order":0,"comment_status":"closed","ping_status":"closed","template":"","meta":{"om_disable_all_campaigns":false,"_monsterinsights_skip_tracking":false,"_monsterinsights_sitenote_active":false,"_monsterinsights_sitenote_note":"","_monsterinsights_sitenote_category":0},"_links":{"self":[{"href":"https:\/\/annapa.cz\/index.php?rest_route=\/wp\/v2\/pages\/1165"}],"collection":[{"href":"https:\/\/annapa.cz\/index.php?rest_route=\/wp\/v2\/pages"}],"about":[{"href":"https:\/\/annapa.cz\/index.php?rest_route=\/wp\/v2\/types\/page"}],"author":[{"embeddable":true,"href":"https:\/\/annapa.cz\/index.php?rest_route=\/wp\/v2\/users\/1"}],"replies":[{"embeddable":true,"href":"https:\/\/annapa.cz\/index.php?rest_route=%2Fwp%2Fv2%2Fcomments&post=1165"}],"version-history":[{"count":1,"href":"https:\/\/annapa.cz\/index.php?rest_route=\/wp\/v2\/pages\/1165\/revisions"}],"predecessor-version":[{"id":1167,"href":"https:\/\/annapa.cz\/index.php?rest_route=\/wp\/v2\/pages\/1165\/revisions\/1167"}],"wp:attachment":[{"href":"https:\/\/annapa.cz\/index.php?rest_route=%2Fwp%2Fv2%2Fmedia&parent=1165"}],"curies":[{"name":"wp","href":"https:\/\/api.w.org\/{rel}","templated":true}]}}