{"id":12,"date":"2021-11-14T19:08:54","date_gmt":"2021-11-14T18:08:54","guid":{"rendered":"https:\/\/annapa.cz\/?page_id=12"},"modified":"2025-10-24T17:57:57","modified_gmt":"2025-10-24T15:57:57","slug":"kontakt","status":"publish","type":"page","link":"https:\/\/annapa.cz\/?page_id=12","title":{"rendered":"Kontakt"},"content":{"rendered":"\n<div class=\"wp-container-4 wp-block-group\"><div class=\"wp-block-group__inner-container\">\n<div class=\"wp-block-columns\">\n<div class=\"wp-block-column is-vertically-aligned-center\" style=\"flex-basis:100%\">\n<div class=\"wp-container-3 wp-block-group\"><div class=\"wp-block-group__inner-container\">\n<div class=\"wp-container-2 wp-block-group\"><div class=\"wp-block-group__inner-container\">\n<div class=\"wp-container-1 wp-block-group\"><div class=\"wp-block-group__inner-container\">\n<p>Mgr. Bc. Anna Hrab\u00e1nkov\u00e1 (\u0160kvorov\u00e1)<\/p>\n\n\n\n<p>I\u010cO: 11762896<\/p>\n<\/div><\/div>\n<\/div><\/div>\n<\/div><\/div>\n<\/div>\n<\/div>\n<\/div><\/div>\n\n\n\n<div class=\"wp-container-7 wp-block-group\"><div class=\"wp-block-group__inner-container\">\n<div class=\"wp-container-6 wp-block-group\"><div class=\"wp-block-group__inner-container\">\n<div class=\"wp-container-5 wp-block-group\"><div class=\"wp-block-group__inner-container\">\n<p>E-mail: anna.porodni@gmail.com<\/p>\n\n\n\n<p>Telefon\/WhatsApp: + 420 735 826 330<\/p>\n\n\n\n<p><strong>Preferuji kontakt e-mailem<\/strong>, nebo WhatsApp (p\u0159\u00edpadn\u011b po tomto <a href=\"https:\/\/www.facebook.com\/anna.skvorova.5\/\" target=\"_blank\" rel=\"noreferrer noopener\" title=\"Messengeru\">Messengeru<\/a>). Telefon nemohu v\u017edy vz\u00edt (krom\u011b klientek v term\u00ednu, kter\u00fdm dr\u017e\u00edm pohotovost).<\/p>\n\n\n\n<p>P\u0159i prvn\u00edm osloven\u00ed pros\u00edm napi\u0161te datum Va\u0161eho ofici\u00e1ln\u00edho term\u00ednu porodu, o jak\u00e9 slu\u017eby m\u00e1te z\u00e1jem, Va\u0161i adresu, telefon. A\u0165 mohou rovnou posoudit, zda m\u00e1m pro V\u00e1s kapacitu\/nem\u00e1m dovolenou atp.<\/p>\n<\/div><\/div>\n<\/div><\/div>\n<\/div><\/div>\n\n\n\n<p class=\"has-white-color has-text-color\">o<\/p>\n\n\n\n<div class=\"wp-container-8 wp-block-group\"><div class=\"wp-block-group__inner-container\">\n<p>Ofici\u00e1ln\u00ed kontaktn\u00ed pracovi\u0161t\u011b:<\/p>\n\n\n\n<ol><li>S\u00e1zava, okres Bene\u0161ov (St\u0159edo\u010desk\u00fd kraj) &#8211; zde \u017eiju, odsud za V\u00e1mi jezd\u00edm<\/li><li>Praha 8, Vehlovick\u00e1 5<\/li><\/ol>\n<\/div><\/div>\n\n\n\n<p>N\u00e1v\u0161t\u011bvy prob\u00edhaj\u00ed u V\u00e1s doma.<\/p>\n\n\n\n<p>Mapa p\u016fsobnosti:<\/p>\n\n\n\n<figure class=\"wp-block-image size-full is-resized is-style-default\"><a href=\"https:\/\/www.google.com\/maps\/d\/edit?mid=100wdQOsdYaFnnBl2zqIdyiMh5I2fMPHS&amp;usp=sharing\" target=\"_blank\" rel=\"noopener\"><img loading=\"lazy\" src=\"https:\/\/annapa.cz\/wp-content\/uploads\/2022\/02\/mapa.jpg\" alt=\"\" class=\"wp-image-84\" width=\"655\" height=\"528\" srcset=\"https:\/\/annapa.cz\/wp-content\/uploads\/2022\/02\/mapa.jpg 928w, https:\/\/annapa.cz\/wp-content\/uploads\/2022\/02\/mapa-300x242.jpg 300w\" sizes=\"(max-width: 655px) 100vw, 655px\" \/><\/a><figcaption><a href=\"https:\/\/www.google.com\/maps\/d\/edit?mid=100wdQOsdYaFnnBl2zqIdyiMh5I2fMPHS&amp;usp=sharing\">https:\/\/www.google.com\/maps\/d\/edit?mid=100wdQOsdYaFnnBl2zqIdyiMh5I2fMPHS&amp;usp=sharing<\/a><\/figcaption><\/figure>\n\n\n\n<figure class=\"wp-block-image size-large\"><img loading=\"lazy\" width=\"1024\" height=\"534\" src=\"https:\/\/annapa.cz\/wp-content\/uploads\/2025\/10\/kolaz-1024x534.jpg\" alt=\"\" class=\"wp-image-956\" srcset=\"https:\/\/annapa.cz\/wp-content\/uploads\/2025\/10\/kolaz-1024x534.jpg 1024w, https:\/\/annapa.cz\/wp-content\/uploads\/2025\/10\/kolaz-300x157.jpg 300w, https:\/\/annapa.cz\/wp-content\/uploads\/2025\/10\/kolaz-768x401.jpg 768w, https:\/\/annapa.cz\/wp-content\/uploads\/2025\/10\/kolaz-1536x802.jpg 1536w, https:\/\/annapa.cz\/wp-content\/uploads\/2025\/10\/kolaz.jpg 1640w\" sizes=\"(max-width: 1024px) 100vw, 1024px\" \/><\/figure>\n","protected":false},"excerpt":{"rendered":"<p>Mgr. Bc. Anna Hrab\u00e1nkov\u00e1 (\u0160kvorov\u00e1) I\u010cO: 11762896 E-mail: anna.porodni@gmail.com Telefon\/WhatsApp: + 420 735 826 330 Preferuji kontakt e-mailem, nebo WhatsApp (p\u0159\u00edpadn\u011b po tomto Messengeru). Telefon nemohu v\u017edy vz\u00edt (krom\u011b klientek v term\u00ednu, kter\u00fdm dr\u017e\u00edm pohotovost). P\u0159i prvn\u00edm osloven\u00ed pros\u00edm napi\u0161te datum Va\u0161eho ofici\u00e1ln\u00edho term\u00ednu porodu, o jak\u00e9 slu\u017eby m\u00e1te z\u00e1jem, [&hellip;]<\/p>\n","protected":false},"author":1,"featured_media":0,"parent":0,"menu_order":0,"comment_status":"closed","ping_status":"closed","template":"","meta":{"om_disable_all_campaigns":false,"_monsterinsights_skip_tracking":false,"_monsterinsights_sitenote_active":false,"_monsterinsights_sitenote_note":"","_monsterinsights_sitenote_category":0},"_links":{"self":[{"href":"https:\/\/annapa.cz\/index.php?rest_route=\/wp\/v2\/pages\/12"}],"collection":[{"href":"https:\/\/annapa.cz\/index.php?rest_route=\/wp\/v2\/pages"}],"about":[{"href":"https:\/\/annapa.cz\/index.php?rest_route=\/wp\/v2\/types\/page"}],"author":[{"embeddable":true,"href":"https:\/\/annapa.cz\/index.php?rest_route=\/wp\/v2\/users\/1"}],"replies":[{"embeddable":true,"href":"https:\/\/annapa.cz\/index.php?rest_route=%2Fwp%2Fv2%2Fcomments&post=12"}],"version-history":[{"count":32,"href":"https:\/\/annapa.cz\/index.php?rest_route=\/wp\/v2\/pages\/12\/revisions"}],"predecessor-version":[{"id":958,"href":"https:\/\/annapa.cz\/index.php?rest_route=\/wp\/v2\/pages\/12\/revisions\/958"}],"wp:attachment":[{"href":"https:\/\/annapa.cz\/index.php?rest_route=%2Fwp%2Fv2%2Fmedia&parent=12"}],"curies":[{"name":"wp","href":"https:\/\/api.w.org\/{rel}","templated":true}]}}