{"id":317,"date":"2022-04-18T12:36:38","date_gmt":"2022-04-18T10:36:38","guid":{"rendered":"https:\/\/annapa.cz\/?page_id=317"},"modified":"2023-02-27T09:29:29","modified_gmt":"2023-02-27T08:29:29","slug":"fyzioterapie-gynekologicka-v-tehotenstvi-po-porodu-nejen-praha","status":"publish","type":"page","link":"https:\/\/annapa.cz\/?page_id=317","title":{"rendered":"Fyzioterapie &#8211; (nejen) gynekologick\u00e1, v t\u011bhotenstv\u00ed, po porodu, Praha"},"content":{"rendered":"\n<p class=\"has-text-align-center\"><strong>Praha<\/strong><\/p>\n\n\n\n<p><strong>Vo2max klinika,<\/strong> Monika Kr\u00e1tk\u00e1 aj., <a href=\"http:\/\/www.vo2max.cz\">www.vo2max.cz<\/a>, Sokolovsk\u00e1 651 P8-Karl\u00edn, 777 007\u00a0444, vo2max@vo2max.cz<\/p>\n\n\n\n<p><strong>Monika Kr\u00e1tk\u00e1<\/strong>, <a href=\"http:\/\/www.fyziokvet.cz\/\">www.fyziokvet.cz<\/a>, nab\u00edz\u00ed tak\u00e9 p\u00e9\u010di u V\u00e1s doma &#8211; v\u00a0okol\u00ed Prahy, 722 904\u00a0016, info@fyziokvet.cz<\/p>\n\n\n\n<p><strong>Centrum Mon\u00e1da, Veronika \u010cih\u00e1kov\u00e1<\/strong> aj., <a href=\"http:\/\/www.monada.cz\/\">www.monada.cz<\/a>, St\u0159elni\u010dn\u00e1 1861\/8a, P8, p.l. 272 940&nbsp;401, Mob. 736 750&nbsp;927, klinika@monada.cz, veronika.cihakova@post.cz<\/p>\n\n\n\n<p><strong>Cryotouch, Ivona Samkov\u00e1, <\/strong><a href=\"http:\/\/www.cryotouch.net\/\">www.cryotouch.net<\/a> Opletalova 27 Praha 1 (1.patro \u2013 <strong>u Gynekologie ObGyn<\/strong>), 727 853&nbsp;210, Cryotouch@seznam.cz<\/p>\n\n\n\n<p><strong>MAAT centrum, Lenka Chuchutov\u00e1<\/strong>, <a href=\"mailto:maatcentrum.cz\">maatcentrum.cz<\/a>, Pomo\u0159ansk\u00e1 489 (vstup Krynick\u00e1) P8 Tr\u00f3ja, 605 133&nbsp;727, recepce@maatcentrum.cz<\/p>\n\n\n\n<p><strong>FyzioV\u0161em<\/strong>, <a href=\"http:\/\/www.fyziovsem.cz\">www.fyziovsem.cz<\/a>, Vodi\u010dkova 699\/30, 792 765&nbsp;866, info@fyziovsem.cz<\/p>\n\n\n\n<p><strong>Jitka Proch\u00e1zkov\u00e1, D\u016fm rukou sv\u011btla<\/strong>, <a href=\"http:\/\/www.dumrukousvetla.cz\">www.dumrukousvetla.cz<\/a>, Liblick\u00e1 5, P9 Hloub\u011bt\u00edn, 777 666 755<\/p>\n\n\n\n<p><strong>Fyzio sv\u011bt<\/strong>, <a href=\"http:\/\/www.fyziosvet.cz\">www.fyziosvet.cz<\/a>, \u010cechova 29, P7 Letn\u00e1, 228 883&nbsp;803, <a href=\"mailto:info@fyziosvet.cz\">info@fyziosvet.cz<\/a><\/p>\n\n\n\n<p><strong>CKP S\u00e1mova<\/strong>, <a href=\"https:\/\/www.ckpsamova.cz\/\">www.ckpsamova.cz<\/a>, S\u00e1mova 410\/28, P10-Vr\u0161ovice, 777 980&nbsp;996, info@ckpsamova.cz<\/p>\n\n\n\n<p><strong>Lenka Vojtovi\u010d<\/strong> (Augustinov\u00e1), <a href=\"http:\/\/www.kinisi.cz\">www.kinisi.cz<\/a>, Plkovsk\u00e1 1, Praha 9, 724 300&nbsp;254 a 725 300&nbsp;254, recepce@kinisi.cz<\/p>\n\n\n\n<p><strong>Eva Nov\u00e1kov\u00e1, <\/strong><a href=\"http:\/\/www.novacka.com\">www.novacka.com<\/a>, Stochovsk\u00e1 520, P6, 724 001 677 a 235 301&nbsp;705, en@mckenzie.cz<\/p>\n\n\n\n<p><strong>Lucie Ternov\u00e1 mamasport, <\/strong><a href=\"http:\/\/www.mamasport.cz\">www.mamasport.cz<\/a>, Pod Bateriemi 51\/1, Praha 6, 734 446&nbsp;205, lucie@mamasport.cz<\/p>\n\n\n\n<p><strong>Bebalanced, Michaela Havl\u00ed\u010dkov\u00e1<\/strong> aj. <a href=\"http:\/\/www.bebalanced.cz\/\">www.bebalanced.cz<\/a>, Rybni\u010dn\u00e1 18\/1, Praha 6, objednani@bebalanced.cz<\/p>\n\n\n\n<p><strong>Lenka Neu\u017eilov\u00e1<\/strong>, U t\u016fn\u011b 325\/8, P10 D. M\u011bcholupy, 775 268&nbsp;340, neuzilenka@seznam.cz<\/p>\n\n\n\n<p><strong>Ji\u0159ina Breznenov\u00e1<\/strong>, <a href=\"http:\/\/www.fyzioterapie-praha8.cz\">www.fyzioterapie-praha8.cz<\/a>, V Hole\u0161ovi\u010dk\u00e1ch 33, P8, 776 148 576&nbsp;&nbsp;&nbsp;<\/p>\n\n\n\n<p><strong>Fyziomona, Eva Proch\u00e1zkov\u00e1<\/strong>, <a href=\"http:\/\/www.fyziomona.cz\">www.fyziomona.cz<\/a>, Vinohradsk\u00e1 176, P3 777 635 539&nbsp;&nbsp;&nbsp;&nbsp;&nbsp;&nbsp;<\/p>\n\n\n\n<p><strong>Eva Mackani\u010d<\/strong>, <a href=\"http:\/\/www.fyzio.org\">www.fyzio.org<\/a>, Ostrovsk\u00e9ho 253\/3, P5, 607 959 784&nbsp;&nbsp;&nbsp;&nbsp;&nbsp;&nbsp;&nbsp;<\/p>\n\n\n\n<p><strong>MINT Terapie, Pavla Skopalov\u00e1<\/strong> aj., <a href=\"http:\/\/www.mint-terapie.cz\">www.mint-terapie.cz<\/a>, N\u00e1rodn\u00ed 1010\/9, P1, 776 027 258&nbsp;&nbsp;&nbsp;&nbsp;&nbsp;&nbsp;&nbsp;&nbsp;&nbsp;&nbsp;&nbsp;&nbsp;&nbsp;&nbsp;<\/p>\n\n\n\n<p><strong>Revitea Team<\/strong>, <a href=\"mailto:revitea.cz\">revitea.cz<\/a>, Poliklinika Bud\u011bjovick\u00e1, P4, 608 882&nbsp;172, recepce@revitea.cz<\/p>\n\n\n\n<p><strong>Fyziobuddy<\/strong>, <a href=\"http:\/\/www.fyziobuddy.cz\">www.fyziobuddy.cz<\/a>, Marie Cibulkov\u00e9 40, P4 Nusle, 730 667&nbsp;196, <a href=\"mailto:kontakt@fyziobuddy.cz\">kontakt@fyziobuddy.cz<\/a><\/p>\n\n\n\n<p><strong>Fyzioland<\/strong>, <a href=\"http:\/\/www.fyzioland.cz\">www.fyzioland.cz<\/a>, Ka\u0161ovick\u00e1 4, P22 Uh\u0159\u00edn\u011bves, 775 910&nbsp;749, info@fyzioland.cz<\/p>\n\n\n\n<p class=\"has-text-align-center\"><strong>Jin\u00e9<\/strong><\/p>\n\n\n\n<p><strong>Hana Suberov\u00e1<\/strong>, hormon\u00e1ln\u00ed j\u00f3ga (nap\u0159. stimulace \u017el\u00e1z s&nbsp;vnit\u0159n\u00ed sekrec\u00ed p\u0159i f\u010dn\u00ed neplodnosti aj.), <strong>&nbsp;<\/strong><a href=\"http:\/\/www.jogahormonalni.cz\">www.jogahormonalni.cz<\/a>, Pra\u017esk\u00e9ho 629, P-5, 608 824&nbsp;787, <a href=\"mailto:hsuberova@gmail.com\">hsuberova@gmail.com<\/a><\/p>\n\n\n\n<p><strong>Alena \u0160untilov\u00e1<\/strong>, J\u00f3gov\u00e1 porodn\u00ed a poporodn\u00ed dula, pohybov\u00e9 n\u00e1vyyky a rehabilitace po porodu, SC atd., <a href=\"http:\/\/www.facebook.com\/alena.yoga.doula\">www.facebook.com\/alena.yoga.doula<\/a> CZ, FR, EN, 608 333 629<\/p>\n\n\n\n<p class=\"has-text-align-center\"><strong>Fyzio mimo Prahu<\/strong><\/p>\n\n\n\n<p><strong>Jitka Vanclov\u00e1<\/strong>, <a href=\"http:\/\/www.jitkavanclova.cz\">www.jitkavanclova.cz<\/a>, Lesn\u00ed 211, J\u00edlovi\u0161t\u011b (u \u010cerno\u0161ic), 731 756&nbsp;768,  info@jitkavanclova.cz&nbsp;&nbsp;&nbsp;<\/p>\n\n\n\n<p><strong>Jana Stammers<\/strong>, <a href=\"http:\/\/www.fyzio-beroun.cz\">www.fyzio-beroun.cz<\/a>, Kosteln\u00ed 166\/23, Beroun, 739 336&nbsp;414, fyzio-beroun@centrum.cz<\/p>\n\n\n\n<p><strong>Martina Kadav\u00e1<\/strong>, rehamar.cz, Mlad\u00e1 Boleslav \u2013 poliklinika \u0160koda, T\u0159\u00edda V\u00e1clava Klementa 869, 607 933&nbsp;271, kadava@rehamar.cz<\/p>\n\n\n\n<p><strong>Renata Tejnsk\u00e1<\/strong>, <a href=\"http:\/\/www.3re.cz\/kontakt\">www.3re.cz\/kontakt<\/a>, \u010cesk\u00fd Brod &#8211; n\u00e1m. Arno\u0161ta z&nbsp;Pardubic 32, 603 596&nbsp;724, <a href=\"mailto:renata.tejnska@3re.cz\">renata.tejnska@3re.cz<\/a><\/p>\n\n\n\n<p> .<\/p>\n\n\n\n<p>&gt;&gt; <strong>Mapa Mariky Bajerov\u00e9<\/strong>: <a href=\"https:\/\/www.mapotic.com\/sit-fyzioterapeutu-venujicich-se-profesne-rehabilitaci-v-tehotenstvi-a-priprave-k-porodu\">https:\/\/www.mapotic.com\/sit-fyzioterapeutu-venujicich-se-profesne-rehabilitaci-v-tehotenstvi-a-priprave-k-porodu<\/a><\/p>\n\n\n\n<div class=\"wp-block-image\"><figure class=\"aligncenter\"><img src=\"https:\/\/media.istockphoto.com\/photos\/beautiful-young-physiotherapist-woman-massaging-tummy-on-pregnant-on-picture-id1282693187?k=20&amp;m=1282693187&amp;s=612x612&amp;w=0&amp;h=9yJNLsAg7Qo_AhlyWePZtIWsIEaaXFcRx_FDPJAYASk=\" alt=\"Beautiful young physiotherapist woman massaging tummy on pregnant woman on a stretcher at home.  physiotherapy pregnancy stock pictures, royalty-free photos &amp; images\"\/><\/figure><\/div>\n","protected":false},"excerpt":{"rendered":"<p>Praha Vo2max klinika, Monika Kr\u00e1tk\u00e1 aj., www.vo2max.cz, Sokolovsk\u00e1 651 P8-Karl\u00edn, 777 007\u00a0444, vo2max@vo2max.cz Monika Kr\u00e1tk\u00e1, www.fyziokvet.cz, nab\u00edz\u00ed tak\u00e9 p\u00e9\u010di u V\u00e1s doma &#8211; v\u00a0okol\u00ed Prahy, 722 904\u00a0016, info@fyziokvet.cz Centrum Mon\u00e1da, Veronika \u010cih\u00e1kov\u00e1 aj., www.monada.cz, St\u0159elni\u010dn\u00e1 1861\/8a, P8, p.l. 272 940&nbsp;401, Mob. 736 750&nbsp;927, klinika@monada.cz, veronika.cihakova@post.cz Cryotouch, Ivona Samkov\u00e1, www.cryotouch.net Opletalova [&hellip;]<\/p>\n","protected":false},"author":1,"featured_media":0,"parent":71,"menu_order":-1,"comment_status":"closed","ping_status":"closed","template":"","meta":{"om_disable_all_campaigns":false,"_monsterinsights_skip_tracking":false,"_monsterinsights_sitenote_active":false,"_monsterinsights_sitenote_note":"","_monsterinsights_sitenote_category":0},"_links":{"self":[{"href":"https:\/\/annapa.cz\/index.php?rest_route=\/wp\/v2\/pages\/317"}],"collection":[{"href":"https:\/\/annapa.cz\/index.php?rest_route=\/wp\/v2\/pages"}],"about":[{"href":"https:\/\/annapa.cz\/index.php?rest_route=\/wp\/v2\/types\/page"}],"author":[{"embeddable":true,"href":"https:\/\/annapa.cz\/index.php?rest_route=\/wp\/v2\/users\/1"}],"replies":[{"embeddable":true,"href":"https:\/\/annapa.cz\/index.php?rest_route=%2Fwp%2Fv2%2Fcomments&post=317"}],"version-history":[{"count":15,"href":"https:\/\/annapa.cz\/index.php?rest_route=\/wp\/v2\/pages\/317\/revisions"}],"predecessor-version":[{"id":560,"href":"https:\/\/annapa.cz\/index.php?rest_route=\/wp\/v2\/pages\/317\/revisions\/560"}],"up":[{"embeddable":true,"href":"https:\/\/annapa.cz\/index.php?rest_route=\/wp\/v2\/pages\/71"}],"wp:attachment":[{"href":"https:\/\/annapa.cz\/index.php?rest_route=%2Fwp%2Fv2%2Fmedia&parent=317"}],"curies":[{"name":"wp","href":"https:\/\/api.w.org\/{rel}","templated":true}]}}