{"id":384,"date":"2022-07-17T13:55:30","date_gmt":"2022-07-17T11:55:30","guid":{"rendered":"https:\/\/annapa.cz\/?page_id=384"},"modified":"2023-04-15T10:04:19","modified_gmt":"2023-04-15T08:04:19","slug":"uzitecne-odkazy","status":"publish","type":"page","link":"https:\/\/annapa.cz\/?page_id=384","title":{"rendered":"U\u017eite\u010dn\u00e9 odkazy"},"content":{"rendered":"\n<p><br><\/p>\n\n\n\n<p><\/p>\n\n\n\n<p>&gt; Unie porodn\u00edch asistentek <a href=\"http:\/\/www.unipa.cz\">www.unipa.cz<\/a><\/p>\n\n\n\n<div class=\"wp-container-1 wp-block-group\"><div class=\"wp-block-group__inner-container\">\n<ul><li>Kr\u00e1tk\u00e9 filmy UNIPA:<\/li><li>Jak podpo\u0159it zdrav\u00e9 t\u011bhotenstv\u00ed <a href=\"https:\/\/www.youtube.com\/watch?v=sivwRuTI37U\" target=\"_blank\" rel=\"noreferrer noopener\">https:\/\/www.youtube.com\/watch?v=sivwRuTI37U<\/a>&nbsp;<br>Jak se p\u0159ipravit na norm\u00e1ln\u00ed porod <a href=\"https:\/\/www.youtube.com\/watch?v=f6ZCuvtizBQ\" target=\"_blank\" rel=\"noreferrer noopener\">https:\/\/www.youtube.com\/watch?v=f6ZCuvtizBQ<\/a>&nbsp;<\/li><\/ul>\n<\/div><\/div>\n\n\n\n<p>&gt; Informace o ambulantn\u00edm porodu (d\u0159\u00edv\u011bj\u0161\u00edm odchodu z porodnice): <a href=\"http:\/\/ambulantniporod.cz\/\">http:\/\/ambulantniporod.cz\/<\/a><\/p>\n\n\n\n<ul><li>informace o novorozeneck\u00e9m laboratorn\u00edm screeningu: http:\/\/ambulantniporod.cz\/novorozenecky-screening-vysetreni-novorozence\/novorozenecky-laboratorni-screening\/<\/li><\/ul>\n\n\n\n<p>&gt; Aperio <a href=\"https:\/\/www.aperio.cz\/\">www.aperio.cz\/<\/a> &#8211; podpora rodi\u010d\u016f, soci\u00e1ln\u011b-pr\u00e1vn\u00ed poradenstv\u00ed a dal\u0161\u00ed<\/p>\n\n\n\n<p><a href=\"http:\/\/www.duly.cz\/\" target=\"_blank\" rel=\"noreferrer noopener\">\u010cesk\u00e1 asociace dul<\/a><\/p>\n\n\n\n<p>&gt; Kvalitn\u00ed zdroj informac\u00ed o kojen\u00ed:&nbsp;<a href=\"https:\/\/www.mamila.sk\/sk\/uvod\/\" target=\"_blank\" rel=\"noreferrer noopener\">www.mamila.sk<\/a><\/p>\n\n\n\n<ul><li><a href=\"https:\/\/www.mamila.sk\/sk\/pre-matky\/nazorne-ukazky-spravneho-dojcenia\/\" target=\"_blank\" rel=\"noreferrer noopener\">https:\/\/www.mamila.sk\/sk\/pre-matky\/nazorne-ukazky-spravneho-dojcenia\/<\/a><\/li><\/ul>\n\n\n\n<p>> <a href=\"http:\/\/www.biostatisticka.cz\/\">http:\/\/www.biostatisticka.cz\/<\/a><\/p>\n\n\n\n<p><\/p>\n\n\n\n<p><strong>Podpora p\u0159i perinat\u00e1ln\u00ed ztr\u00e1t\u011b<\/strong><\/p>\n\n\n\n<p>Informace a podpora hlavn\u011b v p\u0159\u00edpad\u011b potratu v I.trimestru\/ zamlkl\u00e9m t\u011bhotenstv\u00ed<\/p>\n\n\n\n<ul><li>Bylo tu nen\u00ed tu <a href=\"https:\/\/sites.google.com\/view\/bylo-tu-neni-tu\/podpora\">https:\/\/sites.google.com\/view\/bylo-tu-neni-tu\/podpora<\/a> bro\u017eura, kontakty<\/li><li><a href=\"http:\/\/www.strom-zivota.net\/prirozeny-potrat-prakticke-rady-a-informace\/\">http:\/\/www.strom-zivota.net\/prirozeny-potrat-prakticke-rady-a-informace\/<\/a> &#8211; PA + psycholog<\/li><li><a href=\"https:\/\/annakohutova.cz\/1546-2\/\">https:\/\/annakohutova.cz\/1546-2\/<\/a> &#8211; praktick\u00e9 rady PA<\/li><li>skupina na Facebooku: Zamlkl\u00e9 t\u011bhotenstv\u00ed, p\u0159irozen\u00fd potrat \u2013 rady, p\u0159\u00edb\u011bhy, psychick\u00e1 podpora<\/li><\/ul>\n\n\n\n<p>Podpora p\u0159i perinat\u00e1ln\u00ed ztr\u00e1t\u011b obecn\u011b<\/p>\n\n\n\n<ul><li>Pr\u00e1zdn\u00e1 kol\u00e9bka <a href=\"http:\/\/www.prazdnakolebka.cz\/\">www.prazdnakolebka.cz\/<\/a><\/li><li>perinat\u00e1ln\u00ed hospic D\u00edt\u011b v srdci <a href=\"https:\/\/ditevsrdci.cz\/\">https:\/\/ditevsrdci.cz<\/a><\/li><li>psychologick\u00e1 podpora: <a href=\"https:\/\/www.plzenskazastavka.cz\/\">www.plzenskazastavka.cz<\/a> ; <a href=\"https:\/\/ztratamiminka.cz\/\">https:\/\/ztratamiminka.cz\/<\/a><\/li><li>individu\u00e1ln\u00ed ritu\u00e1ly rozlou\u010den\u00ed <a href=\"https:\/\/kekorenum.cz\/\">https:\/\/kekorenum.cz\/<\/a>, http:\/\/tobit.cz\/<\/li><li>rozcestn\u00edk info, soci\u00e1ln\u00ed info, z\u00e1stava laktace atd. <a href=\"https:\/\/www.perinatalniztrata.cz\/pro-rodiny\/\">https:\/\/www.perinatalniztrata.cz\/pro-rodiny\/<\/a><\/li><\/ul>\n","protected":false},"excerpt":{"rendered":"<p>&gt; Unie porodn\u00edch asistentek www.unipa.cz Kr\u00e1tk\u00e9 filmy UNIPA: Jak podpo\u0159it zdrav\u00e9 t\u011bhotenstv\u00ed https:\/\/www.youtube.com\/watch?v=sivwRuTI37U&nbsp;Jak se p\u0159ipravit na norm\u00e1ln\u00ed porod https:\/\/www.youtube.com\/watch?v=f6ZCuvtizBQ&nbsp; &gt; Informace o ambulantn\u00edm porodu (d\u0159\u00edv\u011bj\u0161\u00edm odchodu z porodnice): http:\/\/ambulantniporod.cz\/ informace o novorozeneck\u00e9m laboratorn\u00edm screeningu: http:\/\/ambulantniporod.cz\/novorozenecky-screening-vysetreni-novorozence\/novorozenecky-laboratorni-screening\/ &gt; Aperio www.aperio.cz\/ &#8211; podpora rodi\u010d\u016f, soci\u00e1ln\u011b-pr\u00e1vn\u00ed poradenstv\u00ed a dal\u0161\u00ed \u010cesk\u00e1 asociace dul &gt; Kvalitn\u00ed [&hellip;]<\/p>\n","protected":false},"author":1,"featured_media":0,"parent":71,"menu_order":-1,"comment_status":"closed","ping_status":"closed","template":"","meta":{"om_disable_all_campaigns":false,"_monsterinsights_skip_tracking":false,"_monsterinsights_sitenote_active":false,"_monsterinsights_sitenote_note":"","_monsterinsights_sitenote_category":0},"_links":{"self":[{"href":"https:\/\/annapa.cz\/index.php?rest_route=\/wp\/v2\/pages\/384"}],"collection":[{"href":"https:\/\/annapa.cz\/index.php?rest_route=\/wp\/v2\/pages"}],"about":[{"href":"https:\/\/annapa.cz\/index.php?rest_route=\/wp\/v2\/types\/page"}],"author":[{"embeddable":true,"href":"https:\/\/annapa.cz\/index.php?rest_route=\/wp\/v2\/users\/1"}],"replies":[{"embeddable":true,"href":"https:\/\/annapa.cz\/index.php?rest_route=%2Fwp%2Fv2%2Fcomments&post=384"}],"version-history":[{"count":4,"href":"https:\/\/annapa.cz\/index.php?rest_route=\/wp\/v2\/pages\/384\/revisions"}],"predecessor-version":[{"id":672,"href":"https:\/\/annapa.cz\/index.php?rest_route=\/wp\/v2\/pages\/384\/revisions\/672"}],"up":[{"embeddable":true,"href":"https:\/\/annapa.cz\/index.php?rest_route=\/wp\/v2\/pages\/71"}],"wp:attachment":[{"href":"https:\/\/annapa.cz\/index.php?rest_route=%2Fwp%2Fv2%2Fmedia&parent=384"}],"curies":[{"name":"wp","href":"https:\/\/api.w.org\/{rel}","templated":true}]}}