{"id":563,"date":"2023-02-27T10:10:06","date_gmt":"2023-02-27T09:10:06","guid":{"rendered":"https:\/\/annapa.cz\/?page_id=563"},"modified":"2023-04-15T15:52:39","modified_gmt":"2023-04-15T13:52:39","slug":"prodej","status":"publish","type":"page","link":"https:\/\/annapa.cz\/?page_id=563","title":{"rendered":"Prodej"},"content":{"rendered":"\n<div class=\"wp-block-image is-style-default\"><figure class=\"alignright size-medium\"><img loading=\"lazy\" width=\"300\" height=\"225\" src=\"https:\/\/annapa.cz\/wp-content\/uploads\/2023\/03\/20230216_104108-300x225.jpg\" alt=\"\" class=\"wp-image-633\" srcset=\"https:\/\/annapa.cz\/wp-content\/uploads\/2023\/03\/20230216_104108-300x225.jpg 300w, https:\/\/annapa.cz\/wp-content\/uploads\/2023\/03\/20230216_104108-1024x768.jpg 1024w, https:\/\/annapa.cz\/wp-content\/uploads\/2023\/03\/20230216_104108-768x576.jpg 768w, https:\/\/annapa.cz\/wp-content\/uploads\/2023\/03\/20230216_104108-1536x1152.jpg 1536w, https:\/\/annapa.cz\/wp-content\/uploads\/2023\/03\/20230216_104108-2048x1536.jpg 2048w\" sizes=\"(max-width: 300px) 100vw, 300px\" \/><\/figure><\/div>\n\n\n\n<h2>Zavinovac\u00ed \u0161\u00e1tky<\/h2>\n\n\n\n<p>trojc\u00edp\u00fd podvazovac\u00ed \u0161\u00e1tek pro t\u011bhotn\u00e9<\/p>\n\n\n\n<p>opora podb\u0159i\u0161ku a b\u0159i\u0161n\u00ed st\u011bny na m\u00edru; \u00faleva nejen p\u0159i n\u00e1maze, proch\u00e1zk\u00e1ch \u010di del\u0161\u00edm st\u00e1n\u00ed; podpora spr\u00e1vn\u00e9ho \u00fahlu d\u00edt\u011bte &#8211; napom\u00e1h\u00e1 lep\u0161\u00edmu vstupov\u00e1n\u00ed do porodn\u00edch cest, \u010dasto pom\u00e1h\u00e1 nap\u0159. p\u0159i bolestech beder, vaz\u016f d\u011blohy, stydk\u00e9 spony; mo\u017enost sta\u017een\u00ed ky\u010dl\u00ed, rozvol\u0148uj\u00edc\u00ed se p\u00e1nve; v dob\u011b term\u00ednu se pak pod\u00edl\u00ed na v\u010dasn\u00e9m spou\u0161t\u011bn\u00ed porodu, v po\u010d\u00e1tku porodu napom\u00e1h\u00e1 hladk\u00e9mu pr\u016fb\u011bhu (d\u00edt\u011b nesm\u011b\u0159uje do beder, ale do porodn\u00edch cest); podpora zavinov\u00e1n\u00ed d\u011blohy tak\u00e9 v dob\u011b \u0161estined\u011bl\u00ed; vyu\u017eiteln\u00fd tak\u00e9 pro rebozo mas\u00e1\u017e nejen pro \u017eenu v t\u011bhotenstv\u00ed i p\u0159i porodu<\/p>\n\n\n\n<p>\u010desk\u00e9 l\u00e1tky, d\u00e9lka 4 m, \u0161\u00ed\u0159ka 36-37 cm, se st\u0159edovou zna\u010dkou<\/p>\n\n\n\n<p><\/p>\n\n\n\n<ul><li>bavln\u011bn\u00e1 l\u00e1tka s vy\u0161\u0161\u00ed gram\u00e1\u017e\u00ed &#8211; 1 000 K\u010d<\/li><li>hotov\u00e9 k dispozici: Fialov\u00fd s pruhy, Oran\u017eov\u00fd s pruhy, Levandule a punt\u00edky<\/li><li>vzory ve v\u00fdrob\u011b: Pa\u0159\u00ed\u017e<\/li><\/ul>\n\n\n\n<div class=\"wp-container-1 wp-block-group\"><div class=\"wp-block-group__inner-container\">\n<figure class=\"wp-block-gallery has-nested-images columns-default is-cropped\">\n<figure class=\"wp-block-image size-large\"><img loading=\"lazy\" width=\"768\" height=\"1024\" src=\"https:\/\/annapa.cz\/wp-content\/uploads\/2023\/03\/20230218_115347-768x1024.jpg\" alt=\"\" class=\"wp-image-587\" srcset=\"https:\/\/annapa.cz\/wp-content\/uploads\/2023\/03\/20230218_115347-768x1024.jpg 768w, https:\/\/annapa.cz\/wp-content\/uploads\/2023\/03\/20230218_115347-225x300.jpg 225w, https:\/\/annapa.cz\/wp-content\/uploads\/2023\/03\/20230218_115347-1152x1536.jpg 1152w, https:\/\/annapa.cz\/wp-content\/uploads\/2023\/03\/20230218_115347-1536x2048.jpg 1536w, https:\/\/annapa.cz\/wp-content\/uploads\/2023\/03\/20230218_115347-scaled.jpg 1920w\" sizes=\"(max-width: 768px) 100vw, 768px\" \/><\/figure>\n\n\n\n<figure class=\"wp-block-image size-large\"><img loading=\"lazy\" width=\"768\" height=\"1024\" src=\"https:\/\/annapa.cz\/wp-content\/uploads\/2023\/03\/20230218_115445-13-768x1024.jpg\" alt=\"\" class=\"wp-image-627\" srcset=\"https:\/\/annapa.cz\/wp-content\/uploads\/2023\/03\/20230218_115445-13-768x1024.jpg 768w, https:\/\/annapa.cz\/wp-content\/uploads\/2023\/03\/20230218_115445-13-225x300.jpg 225w, https:\/\/annapa.cz\/wp-content\/uploads\/2023\/03\/20230218_115445-13-1152x1536.jpg 1152w, https:\/\/annapa.cz\/wp-content\/uploads\/2023\/03\/20230218_115445-13-1536x2048.jpg 1536w, https:\/\/annapa.cz\/wp-content\/uploads\/2023\/03\/20230218_115445-13-scaled.jpg 1920w\" sizes=\"(max-width: 768px) 100vw, 768px\" \/><\/figure>\n\n\n\n<figure class=\"wp-block-image size-large\"><img loading=\"lazy\" width=\"768\" height=\"1024\" src=\"https:\/\/annapa.cz\/wp-content\/uploads\/2023\/03\/20230218_115522-4-768x1024.jpg\" alt=\"\" class=\"wp-image-629\" srcset=\"https:\/\/annapa.cz\/wp-content\/uploads\/2023\/03\/20230218_115522-4-768x1024.jpg 768w, https:\/\/annapa.cz\/wp-content\/uploads\/2023\/03\/20230218_115522-4-225x300.jpg 225w, https:\/\/annapa.cz\/wp-content\/uploads\/2023\/03\/20230218_115522-4-1152x1536.jpg 1152w, https:\/\/annapa.cz\/wp-content\/uploads\/2023\/03\/20230218_115522-4-1536x2048.jpg 1536w, https:\/\/annapa.cz\/wp-content\/uploads\/2023\/03\/20230218_115522-4-scaled.jpg 1920w\" sizes=\"(max-width: 768px) 100vw, 768px\" \/><\/figure>\n<\/figure>\n<\/div><\/div>\n\n\n\n<figure class=\"wp-block-gallery has-nested-images columns-default is-cropped\">\n<figure class=\"wp-block-image size-large\"><img loading=\"lazy\" width=\"1024\" height=\"768\" data-id=\"675\"  src=\"https:\/\/annapa.cz\/wp-content\/uploads\/2023\/04\/20230315_101403-1024x768.jpg\" alt=\"\" class=\"wp-image-675\" srcset=\"https:\/\/annapa.cz\/wp-content\/uploads\/2023\/04\/20230315_101403-1024x768.jpg 1024w, https:\/\/annapa.cz\/wp-content\/uploads\/2023\/04\/20230315_101403-300x225.jpg 300w, https:\/\/annapa.cz\/wp-content\/uploads\/2023\/04\/20230315_101403-768x576.jpg 768w, https:\/\/annapa.cz\/wp-content\/uploads\/2023\/04\/20230315_101403-1536x1152.jpg 1536w, https:\/\/annapa.cz\/wp-content\/uploads\/2023\/04\/20230315_101403-2048x1536.jpg 2048w\" sizes=\"(max-width: 1024px) 100vw, 1024px\" \/><\/figure>\n\n\n\n<figure class=\"wp-block-image size-large\"><img loading=\"lazy\" width=\"1024\" height=\"768\" data-id=\"676\"  src=\"https:\/\/annapa.cz\/wp-content\/uploads\/2023\/04\/20230216_104056-1024x768.jpg\" alt=\"\" class=\"wp-image-676\" srcset=\"https:\/\/annapa.cz\/wp-content\/uploads\/2023\/04\/20230216_104056-1024x768.jpg 1024w, https:\/\/annapa.cz\/wp-content\/uploads\/2023\/04\/20230216_104056-300x225.jpg 300w, https:\/\/annapa.cz\/wp-content\/uploads\/2023\/04\/20230216_104056-768x576.jpg 768w, https:\/\/annapa.cz\/wp-content\/uploads\/2023\/04\/20230216_104056-1536x1152.jpg 1536w, https:\/\/annapa.cz\/wp-content\/uploads\/2023\/04\/20230216_104056-2048x1536.jpg 2048w\" sizes=\"(max-width: 1024px) 100vw, 1024px\" \/><\/figure>\n\n\n\n<figure class=\"wp-block-image size-large\"><img loading=\"lazy\" width=\"1024\" height=\"768\" data-id=\"678\"  src=\"https:\/\/annapa.cz\/wp-content\/uploads\/2023\/04\/20230403_082009-2-1024x768.jpg\" alt=\"\" class=\"wp-image-678\" srcset=\"https:\/\/annapa.cz\/wp-content\/uploads\/2023\/04\/20230403_082009-2-1024x768.jpg 1024w, https:\/\/annapa.cz\/wp-content\/uploads\/2023\/04\/20230403_082009-2-300x225.jpg 300w, https:\/\/annapa.cz\/wp-content\/uploads\/2023\/04\/20230403_082009-2-768x576.jpg 768w, https:\/\/annapa.cz\/wp-content\/uploads\/2023\/04\/20230403_082009-2-1536x1152.jpg 1536w, https:\/\/annapa.cz\/wp-content\/uploads\/2023\/04\/20230403_082009-2-2048x1536.jpg 2048w\" sizes=\"(max-width: 1024px) 100vw, 1024px\" \/><\/figure>\n<\/figure>\n\n\n\n<ul><li>bavln\u011bn\u00e9 pl\u00e1tno s ni\u017e\u0161\u00ed gram\u00e1\u017e\u00ed &#8211; 800 K\u010d<\/li><li>hotov\u00e9 k dispozici: \u0160ed\u00e9 kv\u011bty (se st\u0159edovou zna\u010dkou), Mandaly na modr\u00e9, \u0160ed\u00e9 punt\u00edky <\/li><li>v p\u0159\u00edpad\u011b z\u00e1jmu mo\u017enost u\u0161\u00edt: Tmav\u011b hn\u011bd\u00e1, Hn\u011bd\u00fd eukalyptus, Zv\u00ed\u0159ec\u00ed rodina<\/li><\/ul>\n\n\n\n<figure class=\"wp-block-gallery has-nested-images columns-default is-cropped\">\n<figure class=\"wp-block-image size-large\"><img loading=\"lazy\" width=\"821\" height=\"1024\" data-id=\"651\"  src=\"https:\/\/annapa.cz\/wp-content\/uploads\/2023\/03\/20230225_074118-2-1-821x1024.jpg\" alt=\"\" class=\"wp-image-651\" srcset=\"https:\/\/annapa.cz\/wp-content\/uploads\/2023\/03\/20230225_074118-2-1-821x1024.jpg 821w, https:\/\/annapa.cz\/wp-content\/uploads\/2023\/03\/20230225_074118-2-1-240x300.jpg 240w, https:\/\/annapa.cz\/wp-content\/uploads\/2023\/03\/20230225_074118-2-1-768x958.jpg 768w, https:\/\/annapa.cz\/wp-content\/uploads\/2023\/03\/20230225_074118-2-1-1231x1536.jpg 1231w, https:\/\/annapa.cz\/wp-content\/uploads\/2023\/03\/20230225_074118-2-1-1642x2048.jpg 1642w\" sizes=\"(max-width: 821px) 100vw, 821px\" \/><\/figure>\n\n\n\n<figure class=\"wp-block-image size-large\"><img loading=\"lazy\" width=\"768\" height=\"1024\" data-id=\"649\"  src=\"https:\/\/annapa.cz\/wp-content\/uploads\/2023\/03\/20230305_122526-768x1024.jpg\" alt=\"\" class=\"wp-image-649\" srcset=\"https:\/\/annapa.cz\/wp-content\/uploads\/2023\/03\/20230305_122526-768x1024.jpg 768w, https:\/\/annapa.cz\/wp-content\/uploads\/2023\/03\/20230305_122526-225x300.jpg 225w, https:\/\/annapa.cz\/wp-content\/uploads\/2023\/03\/20230305_122526-1152x1536.jpg 1152w, https:\/\/annapa.cz\/wp-content\/uploads\/2023\/03\/20230305_122526-1536x2048.jpg 1536w, https:\/\/annapa.cz\/wp-content\/uploads\/2023\/03\/20230305_122526-scaled.jpg 1920w\" sizes=\"(max-width: 768px) 100vw, 768px\" \/><\/figure>\n\n\n\n<figure class=\"wp-block-image size-large\"><img loading=\"lazy\" width=\"768\" height=\"1024\" data-id=\"648\"  src=\"https:\/\/annapa.cz\/wp-content\/uploads\/2023\/03\/20230305_122853-768x1024.jpg\" alt=\"\" class=\"wp-image-648\" srcset=\"https:\/\/annapa.cz\/wp-content\/uploads\/2023\/03\/20230305_122853-768x1024.jpg 768w, https:\/\/annapa.cz\/wp-content\/uploads\/2023\/03\/20230305_122853-225x300.jpg 225w, https:\/\/annapa.cz\/wp-content\/uploads\/2023\/03\/20230305_122853-1152x1536.jpg 1152w, https:\/\/annapa.cz\/wp-content\/uploads\/2023\/03\/20230305_122853-1536x2048.jpg 1536w, https:\/\/annapa.cz\/wp-content\/uploads\/2023\/03\/20230305_122853-scaled.jpg 1920w\" sizes=\"(max-width: 768px) 100vw, 768px\" \/><\/figure>\n<\/figure>\n\n\n\n<h2>Afirma\u010dn\u00ed karti\u010dky<\/h2>\n\n\n\n<ul><li>laskav\u00e1 podpora pro obdob\u00ed t\u011bhotenstv\u00ed, porodu a \u0161estined\u011bl\u00ed<\/li><li>36 karti\u010dek<\/li><li>170 K\u010d<\/li><\/ul>\n\n\n\n<figure class=\"wp-block-gallery has-nested-images columns-default is-cropped\">\n<figure class=\"wp-block-image size-large is-style-default\"><img loading=\"lazy\" width=\"768\" height=\"1024\" data-id=\"640\"  src=\"https:\/\/annapa.cz\/wp-content\/uploads\/2023\/03\/20221203_193826-768x1024.jpg\" alt=\"\" class=\"wp-image-640\" srcset=\"https:\/\/annapa.cz\/wp-content\/uploads\/2023\/03\/20221203_193826-768x1024.jpg 768w, https:\/\/annapa.cz\/wp-content\/uploads\/2023\/03\/20221203_193826-225x300.jpg 225w, https:\/\/annapa.cz\/wp-content\/uploads\/2023\/03\/20221203_193826-1152x1536.jpg 1152w, https:\/\/annapa.cz\/wp-content\/uploads\/2023\/03\/20221203_193826-1536x2048.jpg 1536w, https:\/\/annapa.cz\/wp-content\/uploads\/2023\/03\/20221203_193826-scaled.jpg 1920w\" sizes=\"(max-width: 768px) 100vw, 768px\" \/><\/figure>\n\n\n\n<figure class=\"wp-block-image size-large\"><img loading=\"lazy\" width=\"768\" height=\"1024\" data-id=\"658\"  src=\"https:\/\/annapa.cz\/wp-content\/uploads\/2023\/03\/20230305_140628-2-1-768x1024.jpg\" alt=\"\" class=\"wp-image-658\" srcset=\"https:\/\/annapa.cz\/wp-content\/uploads\/2023\/03\/20230305_140628-2-1-768x1024.jpg 768w, https:\/\/annapa.cz\/wp-content\/uploads\/2023\/03\/20230305_140628-2-1-225x300.jpg 225w, https:\/\/annapa.cz\/wp-content\/uploads\/2023\/03\/20230305_140628-2-1-1152x1536.jpg 1152w, https:\/\/annapa.cz\/wp-content\/uploads\/2023\/03\/20230305_140628-2-1-1536x2048.jpg 1536w, https:\/\/annapa.cz\/wp-content\/uploads\/2023\/03\/20230305_140628-2-1-scaled.jpg 1920w\" sizes=\"(max-width: 768px) 100vw, 768px\" \/><\/figure>\n\n\n\n<figure class=\"wp-block-image size-large is-style-default\"><img loading=\"lazy\" width=\"768\" height=\"1024\" data-id=\"641\"  src=\"https:\/\/annapa.cz\/wp-content\/uploads\/2023\/03\/20221206_165344-1-768x1024.jpg\" alt=\"\" class=\"wp-image-641\" srcset=\"https:\/\/annapa.cz\/wp-content\/uploads\/2023\/03\/20221206_165344-1-768x1024.jpg 768w, https:\/\/annapa.cz\/wp-content\/uploads\/2023\/03\/20221206_165344-1-225x300.jpg 225w, https:\/\/annapa.cz\/wp-content\/uploads\/2023\/03\/20221206_165344-1-1152x1536.jpg 1152w, https:\/\/annapa.cz\/wp-content\/uploads\/2023\/03\/20221206_165344-1-1536x2048.jpg 1536w, https:\/\/annapa.cz\/wp-content\/uploads\/2023\/03\/20221206_165344-1-scaled.jpg 1920w\" sizes=\"(max-width: 768px) 100vw, 768px\" \/><\/figure>\n<\/figure>\n\n\n\n<div class=\"wp-container-2 wp-block-group\"><div class=\"wp-block-group__inner-container\">\n<figure class=\"wp-block-gallery aligncenter has-nested-images columns-default is-cropped\">\n<figure class=\"wp-block-image size-large\"><img loading=\"lazy\" width=\"1024\" height=\"768\" src=\"https:\/\/annapa.cz\/wp-content\/uploads\/2023\/03\/20221203_193632-1-1024x768.jpg\" alt=\"\" class=\"wp-image-659\" srcset=\"https:\/\/annapa.cz\/wp-content\/uploads\/2023\/03\/20221203_193632-1-1024x768.jpg 1024w, https:\/\/annapa.cz\/wp-content\/uploads\/2023\/03\/20221203_193632-1-300x225.jpg 300w, https:\/\/annapa.cz\/wp-content\/uploads\/2023\/03\/20221203_193632-1-768x576.jpg 768w, https:\/\/annapa.cz\/wp-content\/uploads\/2023\/03\/20221203_193632-1-1536x1152.jpg 1536w, https:\/\/annapa.cz\/wp-content\/uploads\/2023\/03\/20221203_193632-1-2048x1536.jpg 2048w\" sizes=\"(max-width: 1024px) 100vw, 1024px\" \/><\/figure>\n\n\n\n<figure class=\"wp-block-image size-large\"><img loading=\"lazy\" width=\"881\" height=\"1024\" src=\"https:\/\/annapa.cz\/wp-content\/uploads\/2023\/03\/20230305_153609-2-2-881x1024.jpg\" alt=\"\" class=\"wp-image-664\" srcset=\"https:\/\/annapa.cz\/wp-content\/uploads\/2023\/03\/20230305_153609-2-2-881x1024.jpg 881w, https:\/\/annapa.cz\/wp-content\/uploads\/2023\/03\/20230305_153609-2-2-258x300.jpg 258w, https:\/\/annapa.cz\/wp-content\/uploads\/2023\/03\/20230305_153609-2-2-768x892.jpg 768w, https:\/\/annapa.cz\/wp-content\/uploads\/2023\/03\/20230305_153609-2-2-1322x1536.jpg 1322w, https:\/\/annapa.cz\/wp-content\/uploads\/2023\/03\/20230305_153609-2-2-1763x2048.jpg 1763w\" sizes=\"(max-width: 881px) 100vw, 881px\" \/><\/figure>\n<\/figure>\n<\/div><\/div>\n\n\n\n<p>Dostupn\u00e9 u m\u011b, po domluv\u011b mo\u017en\u00e9 p\u0159ed\u00e1n\u00ed v Praze<\/p>\n\n\n\n<p><strong>Preferuji kontakt e-mailem<\/strong>, p\u0159\u00edpadn\u011b po tomto\u00a0<a href=\"https:\/\/www.facebook.com\/anna.skvorova.5\/\" target=\"_blank\" rel=\"noreferrer noopener\">Messengeru<\/a><\/p>\n\n\n\n<p>E-mail: anna.skvorov@gmail.com, Telefon: + 420 735 826 330<\/p>\n","protected":false},"excerpt":{"rendered":"<p>Zavinovac\u00ed \u0161\u00e1tky trojc\u00edp\u00fd podvazovac\u00ed \u0161\u00e1tek pro t\u011bhotn\u00e9 opora podb\u0159i\u0161ku a b\u0159i\u0161n\u00ed st\u011bny na m\u00edru; \u00faleva nejen p\u0159i n\u00e1maze, proch\u00e1zk\u00e1ch \u010di del\u0161\u00edm st\u00e1n\u00ed; podpora spr\u00e1vn\u00e9ho \u00fahlu d\u00edt\u011bte &#8211; napom\u00e1h\u00e1 lep\u0161\u00edmu vstupov\u00e1n\u00ed do porodn\u00edch cest, \u010dasto pom\u00e1h\u00e1 nap\u0159. p\u0159i bolestech beder, vaz\u016f d\u011blohy, stydk\u00e9 spony; mo\u017enost sta\u017een\u00ed ky\u010dl\u00ed, rozvol\u0148uj\u00edc\u00ed se p\u00e1nve; v [&hellip;]<\/p>\n","protected":false},"author":1,"featured_media":0,"parent":0,"menu_order":0,"comment_status":"closed","ping_status":"closed","template":"","meta":{"om_disable_all_campaigns":false,"_monsterinsights_skip_tracking":false,"_monsterinsights_sitenote_active":false,"_monsterinsights_sitenote_note":"","_monsterinsights_sitenote_category":0},"_links":{"self":[{"href":"https:\/\/annapa.cz\/index.php?rest_route=\/wp\/v2\/pages\/563"}],"collection":[{"href":"https:\/\/annapa.cz\/index.php?rest_route=\/wp\/v2\/pages"}],"about":[{"href":"https:\/\/annapa.cz\/index.php?rest_route=\/wp\/v2\/types\/page"}],"author":[{"embeddable":true,"href":"https:\/\/annapa.cz\/index.php?rest_route=\/wp\/v2\/users\/1"}],"replies":[{"embeddable":true,"href":"https:\/\/annapa.cz\/index.php?rest_route=%2Fwp%2Fv2%2Fcomments&post=563"}],"version-history":[{"count":19,"href":"https:\/\/annapa.cz\/index.php?rest_route=\/wp\/v2\/pages\/563\/revisions"}],"predecessor-version":[{"id":693,"href":"https:\/\/annapa.cz\/index.php?rest_route=\/wp\/v2\/pages\/563\/revisions\/693"}],"wp:attachment":[{"href":"https:\/\/annapa.cz\/index.php?rest_route=%2Fwp%2Fv2%2Fmedia&parent=563"}],"curies":[{"name":"wp","href":"https:\/\/api.w.org\/{rel}","templated":true}]}}