{"id":716,"date":"2023-06-10T17:35:35","date_gmt":"2023-06-10T15:35:35","guid":{"rendered":"https:\/\/annapa.cz\/?page_id=716"},"modified":"2025-03-03T18:30:37","modified_gmt":"2025-03-03T17:30:37","slug":"doporucuji-kolegyne-pa-duly-lp-terapie","status":"publish","type":"page","link":"https:\/\/annapa.cz\/?page_id=716","title":{"rendered":"Doporu\u010duji &#8211; kolegyn\u011b PA, duly, LP, terapie"},"content":{"rendered":"\n<h2>Tipy jsou pro Prahu a St\u0159edo\u010desk\u00fd kraj (hlavn\u011b jihov\u00fdchod, Pos\u00e1zav\u00ed, Bene\u0161ovsko)<\/h2>\n\n\n\n<h2>Porodn\u00ed asistentky<\/h2>\n\n\n\n<p>V\u011bt\u0161inu kolegy\u0148 p\u0159ev\u00e1\u017en\u011b komunitn\u00edch porodn\u00edch asistentek najdete tady v map\u011b UNIPY: <a href=\"https:\/\/www.unipa.cz\/mapa-porodnich-asistentek\/\">www.unipa.cz\/mapa-porodnich-asistentek<\/a><\/p>\n\n\n\n<blockquote class=\"wp-block-quote\"><p>Rychlou pomoc porodn\u00ed asistentky m\u016f\u017eete nal\u00e9zt na lince\/online poradn\u011b UNIPY Rod\u00edm v klidu: <a href=\"http:\/\/www.rodimvklidu.cz\/\">www.rodimvklidu.cz<\/a> &nbsp;<\/p><\/blockquote>\n\n\n\n<p>Pro kontrolu po ambulantn\u00edm porodu je tu tak\u00e9 vy\u010derp\u00e1vaj\u00edc\u00ed mapa Ambulantn\u00edho porodu, ov\u0161em nev\u00edm zda v\u0161echny PA slu\u017ebu aktu\u00e1ln\u011b poskytuj\u00ed: <a href=\"http:\/\/ambulantniporod.cz\/mapa-porodnich-asistentek\/\">ambulantniporod.cz\/mapa-porodnich-asistentek<\/a><\/p>\n\n\n\n<p>Pro oblast jihov\u00fdchodn\u011b od Prahy, Pos\u00e1zav\u00ed doporu\u010duji kolegyn\u011b: Johanka Kuba\u0148ov\u00e1 <a href=\"https:\/\/johankakubanova.webnode.cz\/\">johankakubanova.webnode.cz<\/a>, Veronika \u0160t\u011bchovsk\u00e1<\/p>\n\n\n\n<p>V Praze a okol\u00ed d\u00e1le doporu\u010duji PA: Kristina Zem\u00e1nkov\u00e1 (<a href=\"http:\/\/www.strom-zivota.net\/\" target=\"_blank\" rel=\"noreferrer noopener\">www.strom-zivota.net<\/a>), B\u00e1ra Stehl\u00edkov\u00e1 (<a href=\"https:\/\/%20www.informovanakporodu.cz\/\"><\/a><a href=\"http:\/\/www.kporodubezobav.cz\">www.kporodubezobav.cz<\/a>), Vla\u010fka Niederhafnerov\u00e1, Mark\u00e9ta Scott Gasparov\u00e1, Lucie Buk\u00e1\u010dkov\u00e1 (d\u0159\u00edve Koch\u00e1nkov\u00e1), Monika Kl\u00e1p\u0161t\u011b, Petra Du\u0161kov\u00e1, (B\u00e1ra B\u0159ezinov\u00e1, Jana Du\u0159tov\u00e1, Veronika Ha\u017elinsk\u00e1 &#8211; nyn\u00ed na mate\u0159sk\u00e9), bez doprovodu k porodu nap\u0159. pro kontrolu po ambulantn\u00edm porodu Rebeka \u0160vecov\u00e1<\/p>\n\n\n\n<p>Nov\u011b na jihu St\u0159edo\u010desk\u00e9ho kraje p\u016fsob\u00ed PA Jana Libovick\u00e1 <a href=\"https:\/\/porodniasistentka.webnode.cz\/neco-o-mne\/\">porodniasistentka.webnode.cz\/neco-o-mne<\/a><\/p>\n\n\n\n<p><strong>Doporu\u010duji porodnice:<\/strong><\/p>\n\n\n\n<ul><li>Bene\u0161ovsko, Pos\u00e1zav\u00ed: Pelh\u0159imov, Jihlava, Havl\u00ed\u010dk\u016fv Brod, P\u0159\u00edbram, Kol\u00edn<\/li><\/ul>\n\n\n\n<ul><li>Pro \u017eeny z Prahy: Litom\u011b\u0159ice, Rakovn\u00edk, Bulovka, Vinohrady<\/li><\/ul>\n\n\n\n<p>V Litom\u011b\u0159ic\u00edch doporu\u010duji PA Eli\u0161ku Pl\u00e1ni\u010dkovou, l\u00e9ka\u0159ku \u0160\u00e1rku Ko\u017e\u00ednovou a l\u00e9ka\u0159e Petra Holbu.<\/p>\n\n\n\n<p>Tak\u00e9 v porodnici Rakovn\u00edk si m\u016f\u017eete zvolit ze zde zam\u011bstnan\u00fdch PA (kter\u00e9 pak porod samy tzv. povedou), odsud dob\u0159e zn\u00e1m a doporu\u010duji: Jenifer Vorlov\u00e1 (nyn\u00ed na MD), Hana Ane\u017eka Havl\u00ed\u010dkov\u00e1, Martina Ul\u010dov\u00e1, Simona Berkov\u00e1, Dominika Romanov\u00e1 a dal\u0161\u00ed &#8211; v\u0161echny maj\u00ed madailonky tady: <a href=\"https:\/\/nemorako.cz\/uploads\/_web\/oddeleni\/gynekologicko_porodnicke_oddeleni\/medailonky_pa.pdf\">nemorako.cz\/uploads\/_web\/oddeleni\/gynekologicko_porodnicke_oddeleni\/medailonky_pa.pdf<\/a> (a na Facebooku Porodnice Rakovn\u00edk: <a href=\"https:\/\/www.facebook.com\/photo\/?fbid=705781124880890&amp;set=pb.100063470262009.-2207520000\">www.facebook.com\/photo\/?fbid=705781124880890&amp;set<\/a>) Doporu\u010duji tak\u00e9 Mark\u00e9tu Scott Gasparovou nebo Vla\u010fku Niederhafnerovou, nyn\u00ed bez mo\u017enosti tu porod samostatn\u011b v\u00e9st, ale doprov\u00e1z\u00ed sem dlouho.<\/p>\n\n\n\n<p>Tuto mo\u017enost nab\u00edz\u00ed z Prahy tak\u00e9 Bulovka: <a href=\"https:\/\/bulovka.cz\/kliniky-a-oddeleni\/centrum-porodni-asistence\/porodni-asistentky\">bulovka.cz\/kliniky-a-oddeleni\/centrum-porodni-asistence\/porodni-asistentky<\/a>, kde doporu\u010duji PA Terezu Trp\u00e1lkovou. Je tu tak\u00e9 projekt duly na Bulovce &#8211; Ivana Weissov\u00e1, Lucie Je\u0159\u00e1bkov\u00e1 a dal\u0161\u00ed. (<a href=\"https:\/\/bulovka.cz\/kliniky-a-oddeleni\/gynekologicko-porodnicka-klinika\/porodnice\">bulovka.cz\/kliniky-a-oddeleni\/gynekologicko-porodnicka-klinika\/porodnice<\/a>)<\/p>\n\n\n\n<p>V porodnici u Apolin\u00e1\u0159e doporu\u010duji PA Krist\u00fdnu Matulovou a Vladim\u00edru Toplakovou (https:\/\/apolinar.eu\/apolinarske-kurzy-a-jine-sluzby\/individualni-doprovod-k-porodu\/)<\/p>\n\n\n\n<p>V porodnici Roudnice nad labem doporu\u010duji PA Lenku Cimlerovou.<\/p>\n\n\n\n<p>V porodnici \u010c\u00e1slav doporu\u010duji PA Veroniku \u0160t\u011bp\u00e1nkovou.<\/p>\n\n\n\n<p>Do porodnice Podol\u00ed prov\u00e1z\u00ed PA Eva Smrkovski, krom\u011b toho poskytuje mas\u00e1\u017ee, cvi\u010den\u00ed, kurzy a dal\u0161\u00ed slu\u017eby: <a href=\"http:\/\/www.mamababystudio.cz\/\">www.mamababystudio.cz<\/a><\/p>\n\n\n\n<blockquote class=\"wp-block-quote\"><p>D\u00e1le m\u016f\u017eete hledat a popt\u00e1vat na Facebooku ve skupin\u00e1ch: <a href=\"https:\/\/www.facebook.com\/groups\/3460583360718587\/\">Recenze dul a porodnich asistentek<\/a> a <a href=\"https:\/\/www.facebook.com\/groups\/150589970483524\/\">Najdi svou dulu &amp; porodn\u00ed asistentku<\/a><\/p><\/blockquote>\n\n\n\n<h2>Duly<\/h2>\n\n\n\n<p>Duly m\u016f\u017eete hledat v r\u00e1mci organizace \u010cesk\u00e1 asociace dul <a href=\"https:\/\/www.duly.cz\/seznam-dul\/\">www.duly.cz\/seznam-dul<\/a>, u organizace AmmaDula <a href=\"https:\/\/www.ammadula.cz\/mapa-dul\/\">www.ammadula.cz\/mapa-dul<\/a>, \u010cesk\u00fdch dul <a href=\"http:\/\/mojedula.cz\/\">http:\/\/mojedula.cz<\/a>, jsou i duly, kter\u00e9 v \u017e\u00e1dn\u00e9 organizaci nejsou.<\/p>\n\n\n\n<p>Z porodn\u00edch dul v Praze zn\u00e1m a doporu\u010duji: Al\u017eb\u011bta Je\u0159\u00e1bkov\u00e1, Andrea R\u016f\u017ei\u010dkov\u00e1 (<a href=\"http:\/\/www.andrearuzicka.cz\/\">www.andrearuzicka.cz<\/a>), Veronika Vlas\u00e1kov\u00e1, Ivana Weissov\u00e1, Viola Jedli\u010dkov\u00e1 (specializuje se na cizince), Simona Moravcov\u00e1, Martina Dvo\u0159\u00e1kov\u00e1, Michaela Pej\u0159imovsk\u00e1, Anna Vr\u0161n\u00edk, Jitka \u010cejkov\u00e1<\/p>\n\n\n\n<h3>Poporodn\u00ed p\u00e9\u010de, lakta\u010dn\u00ed poradenstv\u00ed<\/h3>\n\n\n\n<p>Porodn\u00ed asistentky i duly se v\u011bnuj\u00ed tak\u00e9 lakta\u010dn\u00edmu poradenstv\u00ed, n\u011bkter\u00e9 se ale na obdob\u00ed po porodu a kojen\u00ed specializuj\u00ed v\u00edce:<\/p>\n\n\n\n<p>Vlasta Jir\u00e1skov\u00e1 &#8211; dula, nyn\u00ed neprov\u00e1z\u00ed k porod\u016fm, v\u011bnuje se p\u0159\u00edprav\u011b, tvo\u0159\u00ed podp\u016frn\u00e9 skupiny o kojen\u00ed, (doporu\u010duji i pro p\u0159\u00edpravu na kojen\u00ed p\u0159edem) <a href=\"http:\/\/www.porody.net\/kojeni\/\">www.porody.net\/kojeni<\/a><\/p>\n\n\n\n<p>poporodn\u00ed duly (nedoprov\u00e1z\u00ed k porod\u016fm) a LP Praha: Monika Ku\u010derov\u00e1 (<a href=\"https:\/\/www.duly.cz\/profil\/monika-kucerova\/\">www.duly.cz\/profil\/monika-kucerova<\/a>), Monika Kodad Holoubkov\u00e1, Lucie Ambro\u017eov\u00e1<\/p>\n\n\n\n<blockquote class=\"wp-block-quote\"><p>Kvalitn\u00edm zdrojem informac\u00ed o kojen\u00ed je web Mamila.sk, najdete tu tak\u00e9 seznam lakta\u010dn\u00edch poradky\u0148 pro \u010cR: <a href=\"https:\/\/www.mamila.sk\/sk\/pre-matky\/poradkyne-pri-dojceni\/\">www.mamila.sk\/sk\/pre-matky\/poradkyne-pri-dojceni<\/a><\/p><\/blockquote>\n\n\n\n<p>LP Mamila v Praze: \u0160\u00e1rka Vale\u0161kov\u00e1, (LP a z\u00e1rove\u0148 porodn\u00ed duly): Andrea R\u016f\u017ei\u010dkov\u00e1, Simona Moravcov\u00e1, Sylvie Gaarov\u00e1, Veronika Vlas\u00e1kov\u00e1, Nikola Mina\u0159\u00edkov\u00e1, Michaela Pej\u0159imovsk\u00e1<\/p>\n\n\n\n<h2>Bene\u0161ovsko, Pos\u00e1zav\u00ed:<\/h2>\n\n\n\n<p>Porodn\u00ed asistentky: Johanka Kuba\u0148ov\u00e1, Veronika \u0160t\u011bchovsk\u00e1 + z Prahy, na jihu Jana Libovick\u00e1<\/p>\n\n\n\n<p>Duly:<\/p>\n\n\n\n<p>&gt; Jana Jendrulkov\u00e1 &#8211; dula a LP Mamily, kousek od Bene\u0161ova <a href=\"http:\/\/www.duly.cz\/profil\/jana-jendrulkova\/\">www.duly.cz\/profil\/jana-jendrulkova<\/a>&nbsp;<\/p>\n\n\n\n<p>&gt; Hana Chocholou\u0161kov\u00e1 (Kol\u00edn) <a href=\"https:\/\/www.ammadula.cz\/duly\/hana-chocholouskova\/\">www.ammadula.cz\/duly\/hana-chocholouskova<\/a><\/p>\n\n\n\n<p>&gt; Veronika Gangurov\u00e1 (Kostelec n. \u010cern\u00fdmi lesy), second hand s t\u011bhu oble\u010den\u00edm <a href=\"https:\/\/www.bellies.cz\/o-mne\/\">www.bellies.cz\/o-mne<\/a><\/p>\n\n\n\n<p>&gt; Eva Vejvodov\u00e1 (B\u0159e\u017eany u Le\u0161an)<\/p>\n\n\n\n<p>&gt; Veronika Divi\u0161ov\u00e1 (Ond\u0159ejov)<\/p>\n\n\n\n<p>&gt; Zuzana Sokolov\u00e1 <a href=\"https:\/\/duladoula.wordpress.com\/\">duladoula.wordpress.com<\/a><\/p>\n\n\n\n<p>&gt; Jana Barrera &#8211; dula a LP u Votic <a href=\"https:\/\/janabarrera.cz\">janabarrera.cz<\/a><\/p>\n\n\n\n<p>&gt; Karol\u00edna Lelkov\u00e1 &#8211; u T\u00e1bora, dula a LP <a href=\"https:\/\/www.tvojedula.cz\/\">www.tvojedula.cz<\/a> &nbsp;<\/p>\n\n\n\n<p>&gt; Karol\u00edna Fakheri Tehrani &#8211; dula, moment\u00e1ln\u011b u Kutn\u00e9 Hory <a href=\"https:\/\/www.lunoinspirace.cz\/\">www.lunoinspirace.cz<\/a><\/p>\n\n\n\n<p>Dula na Vyso\u010din\u011b &#8211; Gabriela \u0160vadlenkov\u00e1 (<a href=\"http:\/\/www.gabrielasvadlenkova.cz\">www.gabrielasvadlenkova.cz<\/a>, Havl\u00ed\u010dk\u016fv Brod, Pelh\u0159imov, Jihlava, \u010c\u00e1slav, Chrudim)<\/p>\n\n\n\n<p>\u0160\u00e1rka Ku\u010derov\u00e1 &#8211; poradkyn\u011b v\u00e1z\u00e1n\u00ed do \u0161\u00e1tku Bene\u0161ovsko, v Praze podp\u016frn\u00e9 skupiny pro rodi\u010de s d\u011btmi <a href=\"https:\/\/www.rcpalecek.cz\/vzdelavani\">www.rcpalecek.cz\/vzdelavani<\/a><\/p>\n\n\n\n<p>Fyzioterapie v Bene\u0161ov\u011b<\/p>\n\n\n\n<p>&gt; Michaela Peterkov\u00e1 (zajede i k v\u00e1m dom\u016f) <a href=\"http:\/\/www.fyziomp.cz\">www.fyziomp.cz<\/a><\/p>\n\n\n\n<p>&gt; Monika Kr\u00e1tk\u00e1 (zajede i k v\u00e1m dom\u016f) <a href=\"http:\/\/www.fyziokvet.cz\/\">www.fyziokvet.cz<\/a><\/p>\n\n\n\n<p>&gt; Eva Dejmkov\u00e1 <a href=\"https:\/\/www.evadejmkova.cz\/\">www.evadejmkova.cz<\/a> <\/p>\n\n\n\n<p>Aromaterapie a LP Mamila &#8211; \u0160\u00e1rka Lourci Sob\u011b\u0161\u00edn, Kapka esence <a href=\"https:\/\/www.facebook.com\/profile.php?id=100075938570298\">www.facebook.com\/profile.php?id=100075938570298<\/a><\/p>\n\n\n\n<p>Kl\u00e1ra Bl\u00e1hov\u00e1 &#8211; lektorka Baby signs kurzu <a href=\"http:\/\/www.znakujemesklarou.cz\">www.znakujemesklarou.cz<\/a>, LP Mamila<\/p>\n\n\n\n<p>A na\u0161e spole\u010dn\u00e1 podp\u016frn\u00e1 skupinka p\u0159i kojen\u00ed: <a href=\"https:\/\/www.facebook.com\/groups\/1081493272411498\">www.facebook.com\/groups\/1081493272411498<\/a><\/p>\n\n\n\n<p>L\u00e9ka\u0159ka PLDD Erika Paroulkov\u00e1 <a href=\"https:\/\/paroulkova.cz\/\">paroulkova.cz<\/a><\/p>\n\n\n\n<p>St\u0159\u00edh\u00e1n\u00ed probl\u00e9mov\u00fdch uzdi\u010dek: MDDr. Laura Roden Bene\u0161ov <a href=\"https:\/\/topdent.cz\/ordinace\/benesov\/ordinace-centrum-stomatologicke-pece-v-benesove\/\">topdent.cz\/ordinace\/benesov\/ordinace-centrum-stomatologicke-pece-v-benesove\/<\/a> \u00a0<\/p>\n\n\n\n<h2>Psychoterapie (pro porodn\u00ed trauma, rodi\u010dovstv\u00ed aj.)<\/h2>\n\n\n\n<p><a href=\"http:\/\/www.tehoduse.cz\">www.tehoduse.cz<\/a> &#8211; mapa p\u00e9\u010de<\/p>\n\n\n\n<p>Kristina Zem\u00e1nkov\u00e1 &#8211; porodn\u00ed asistentka a psycholo\u017eka <a href=\"https:\/\/strom-zivota.net\/\">strom-zivota.net<\/a><\/p>\n\n\n\n<p>Katy \u0160ruba\u0159ov\u00e1 (+ je lakta\u010dn\u00ed poradkyn\u00ed) <a href=\"https:\/\/bytsiblizko.weebly.com\/\">bytsiblizko.weebly.com<\/a> na terapii lze \u010derpat p\u0159\u00edsp\u011bvek poji\u0161\u0165oven&nbsp;VZP, \u010cPZP, ZPMV<\/p>\n\n\n\n<p>Lucie Faltov\u00e1 <a href=\"https:\/\/www.luciefaltova.cz\/\">www.luciefaltova.cz<\/a> (Brno \/ online)<\/p>\n\n\n\n<p>Linda J\u00e1rov\u00e1 <a href=\"https:\/\/psychoterapie-ricany.cz\/linda-jarova-2\/\">psychoterapie-ricany.cz\/linda-jarova-2<\/a><\/p>\n\n\n\n<p>Eva Marie Podan\u00e1 <a href=\"https:\/\/www.psychologpodana.cz\/\">www.psychologpodana.cz<\/a><\/p>\n\n\n\n<p>Sv\u011btla Francov\u00e1 &#8211; porodn\u00ed asistentka Bene\u0161ov, neprov\u00e1z\u00ed k porod\u016fm, ale poskytuje p\u0159edporodn\u00ed p\u0159\u00edpravu a dal\u0161\u00ed p\u00e9\u010di (v\u010detn\u011b psychoterapie a vodn\u00ed terapie): <a href=\"https:\/\/www.unipa.cz\/profil\/sv%c4%9btlana-francov%c3%a1\/\">www.unipa.cz\/profil\/sv\u011btlana-francov\u00e1<\/a><\/p>\n\n\n\n<p>Eva Labusov\u00e1 <a href=\"https:\/\/evalabusova.cz\/poradenstvi.php\">evalabusova.cz\/poradenstvi.php<\/a> <\/p>\n\n\n\n<p>Krist\u00fdna Piska\u010dov\u00e1 Hru\u0161kov\u00e1 &#8211; porodn\u00ed asistentka zam\u011bstnan\u00e1 na psychiatrick\u00e9 klinice VFN v Praze<\/p>\n\n\n\n<h3>Arteterapie<\/h3>\n\n\n\n<p>Kate\u0159ina Bor\u010din Mocov\u00e1 &#8211; Maminko maluj <a href=\"https:\/\/www.maminkomaluj.cz\/\">www.maminkomaluj.cz<\/a><\/p>\n","protected":false},"excerpt":{"rendered":"<p>Tipy jsou pro Prahu a St\u0159edo\u010desk\u00fd kraj (hlavn\u011b jihov\u00fdchod, Pos\u00e1zav\u00ed, Bene\u0161ovsko) Porodn\u00ed asistentky V\u011bt\u0161inu kolegy\u0148 p\u0159ev\u00e1\u017en\u011b komunitn\u00edch porodn\u00edch asistentek najdete tady v map\u011b UNIPY: www.unipa.cz\/mapa-porodnich-asistentek Rychlou pomoc porodn\u00ed asistentky m\u016f\u017eete nal\u00e9zt na lince\/online poradn\u011b UNIPY Rod\u00edm v klidu: www.rodimvklidu.cz &nbsp; Pro kontrolu po ambulantn\u00edm porodu je tu tak\u00e9 vy\u010derp\u00e1vaj\u00edc\u00ed mapa [&hellip;]<\/p>\n","protected":false},"author":1,"featured_media":0,"parent":71,"menu_order":0,"comment_status":"closed","ping_status":"closed","template":"page-templates\/template-fullwidth.php","meta":{"om_disable_all_campaigns":false,"_monsterinsights_skip_tracking":false,"_monsterinsights_sitenote_active":false,"_monsterinsights_sitenote_note":"","_monsterinsights_sitenote_category":0},"_links":{"self":[{"href":"https:\/\/annapa.cz\/index.php?rest_route=\/wp\/v2\/pages\/716"}],"collection":[{"href":"https:\/\/annapa.cz\/index.php?rest_route=\/wp\/v2\/pages"}],"about":[{"href":"https:\/\/annapa.cz\/index.php?rest_route=\/wp\/v2\/types\/page"}],"author":[{"embeddable":true,"href":"https:\/\/annapa.cz\/index.php?rest_route=\/wp\/v2\/users\/1"}],"replies":[{"embeddable":true,"href":"https:\/\/annapa.cz\/index.php?rest_route=%2Fwp%2Fv2%2Fcomments&post=716"}],"version-history":[{"count":56,"href":"https:\/\/annapa.cz\/index.php?rest_route=\/wp\/v2\/pages\/716\/revisions"}],"predecessor-version":[{"id":897,"href":"https:\/\/annapa.cz\/index.php?rest_route=\/wp\/v2\/pages\/716\/revisions\/897"}],"up":[{"embeddable":true,"href":"https:\/\/annapa.cz\/index.php?rest_route=\/wp\/v2\/pages\/71"}],"wp:attachment":[{"href":"https:\/\/annapa.cz\/index.php?rest_route=%2Fwp%2Fv2%2Fmedia&parent=716"}],"curies":[{"name":"wp","href":"https:\/\/api.w.org\/{rel}","templated":true}]}}