{"id":88,"date":"2022-02-01T12:17:34","date_gmt":"2022-02-01T11:17:34","guid":{"rendered":"https:\/\/annapa.cz\/?page_id=88"},"modified":"2026-04-01T09:38:24","modified_gmt":"2026-04-01T07:38:24","slug":"domu","status":"publish","type":"page","link":"https:\/\/annapa.cz\/","title":{"rendered":"Porodn\u00ed asistence"},"content":{"rendered":"\n<p class=\"has-white-color has-text-color\"> o<\/p>\n\n\n\n<p class=\"has-white-color has-text-color\"> o<\/p>\n\n\n\n<figure class=\"wp-block-embed alignright is-type-video is-provider-youtube wp-block-embed-youtube wp-embed-aspect-16-9 wp-has-aspect-ratio\"><div class=\"wp-block-embed__wrapper\">\n<iframe loading=\"lazy\" title=\"Hovory z porodn\u00edho gau\u010de: Medailonek Anna Hraba\u0301nkova\u0301\" width=\"750\" height=\"422\" src=\"https:\/\/www.youtube.com\/embed\/5pCmCIjmZm4?feature=oembed\" frameborder=\"0\" allow=\"accelerometer; autoplay; clipboard-write; encrypted-media; gyroscope; picture-in-picture; web-share\" referrerpolicy=\"strict-origin-when-cross-origin\" allowfullscreen><\/iframe>\n<\/div><figcaption>Medailonek k rozhovoru Hovory z porodn\u00edho gau\u010de<\/figcaption><\/figure>\n\n\n\n<h5 class=\"has-black-color has-text-color\">Na porodu z\u00e1le\u017e\u00ed<\/h5>\n\n\n\n<p class=\"has-black-color has-text-color\" style=\"font-style:normal;font-weight:400\">Pro\u010d jsem se vydala cestou porodn\u00ed asistence? Proto\u017ee na porodu z\u00e1le\u017e\u00ed pro \u017eeny, d\u011bti, rodiny i celou spole\u010dnost. Porod v sob\u011b skr\u00fdv\u00e1 obrovsk\u00fd potenci\u00e1l. M\u016f\u017ee \u017eenu velmi pos\u00edlit, uk\u00e1zat j\u00ed jej\u00ed s\u00edlu a schopnosti, o kter\u00fdch dosud netu\u0161ila, m\u00e1 i l\u00e9\u010div\u00fd potenci\u00e1l, pokud je b\u011bhem n\u011bj poskytov\u00e1n\u00ed laskav\u00e1 a respektuj\u00edc\u00ed p\u00e9\u010de. Ovliv\u0148uje budouc\u00ed zdrav\u00ed, vztahy, n\u00e1\u0161 dal\u0161\u00ed \u017eivot.<\/p>\n\n\n\n<h5 class=\"has-black-color has-text-color\">Porodn\u00ed asistence p\u0159in\u00e1\u0161\u00ed \u0161irokou \u0161k\u00e1lu p\u00e9\u010de<\/h5>\n\n\n\n<p class=\"has-text-align-left has-black-color has-text-color\">V\u00a0r\u00e1mci porodn\u00ed asistence je \u0161irok\u00e1 \u0161k\u00e1la mo\u017enost\u00ed p\u00e9\u010de o \u017eenu v\u00a0pr\u016fb\u011bhu cel\u00e9ho jej\u00edho \u017eivota, p\u0159edev\u0161\u00edm v\u00a0jeho plodn\u00e9 \u010d\u00e1sti: podpora v\u00a0obdob\u00ed za\u010d\u00e1tku i konce plodnosti \u2013 menarch\u00e9 (prvn\u00ed mestruace) i menopauzy, informace o mo\u017enostech antikoncepce, podpo\u0159e \u017eensk\u00e9ho zdrav\u00ed, zdrav\u00e9 cykli\u010dnosti, pl\u00e1nov\u00e1n\u00ed rodi\u010dovstv\u00ed a p\u0159\u00edprav\u011b na po\u010det\u00ed, prov\u00e1zen\u00ed t\u011bhotenstv\u00edm, porodem, \u0161estined\u011bl\u00edm, kojen\u00edm, p\u00e9\u010d\u00ed o d\u00edt\u011b \u2013 rann\u00fdm rodi\u010dovstv\u00edm, ale tak\u00e9 potratem nebo perinat\u00e1ln\u00ed ztr\u00e1tou.<\/p>\n\n\n\n<figure class=\"wp-block-embed alignright is-type-video is-provider-youtube wp-block-embed-youtube wp-embed-aspect-16-9 wp-has-aspect-ratio\"><div class=\"wp-block-embed__wrapper\">\n<iframe loading=\"lazy\" title=\"A\u0165 m\u016f\u017eou: Anna \u0160kvorov\u00e1\" width=\"750\" height=\"422\" src=\"https:\/\/www.youtube.com\/embed\/7W4SK8t_zIw?feature=oembed\" frameborder=\"0\" allow=\"accelerometer; autoplay; clipboard-write; encrypted-media; gyroscope; picture-in-picture; web-share\" referrerpolicy=\"strict-origin-when-cross-origin\" allowfullscreen><\/iframe>\n<\/div><figcaption>Video z projektu <a href=\"http:\/\/www.atmuzou.cz\">www.atmuzou.cz<\/a><\/figcaption><\/figure>\n\n\n\n<h5 class=\"has-black-color has-text-color\" id=\"porodni-asistentka-je-pruvodkyni-zen-i-celych-rodin\">Porodn\u00ed asistentka je pr\u016fvodkyn\u00ed \u017een i cel\u00fdch rodin<\/h5>\n\n\n\n<p class=\"has-black-color has-text-color\">Porodn\u00ed asistentka je pr\u016fvodkyn\u00ed \u017een (ang. midwife m\u016f\u017eeme p\u0159elo\u017eit jako \u201espolu\u017eena\u201c) i cel\u00fdch rodin, podporuje partnerstv\u00ed, kompetence a sebev\u011bdom\u00ed obou rodi\u010d\u016f. Poskytuje prim\u00e1rn\u00ed zdravotn\u00ed p\u00e9\u010di, tedy podporuje zdrav\u00ed a pom\u00e1h\u00e1 p\u0159edch\u00e1zet probl\u00e9m\u016fm nebo je \u0159e\u0161it v&nbsp;jejich po\u010d\u00e1tku. P\u0159\u00edpadn\u00e9 pot\u00ed\u017ee (patologie, rizika) v\u010das rozezn\u00e1v\u00e1 a ve spolupr\u00e1ci s&nbsp;l\u00e9ka\u0159i (gynekolog, porodn\u00edk, pediatr) i dal\u0161\u00edmi odborn\u00edky d\u00e1le o \u017eenu pe\u010duje, v&nbsp;ide\u00e1ln\u00edm kontinu\u00e1ln\u00edm modelu zaji\u0161\u0165uje n\u00e1vaznost a komplexnost p\u00e9\u010de.<\/p>\n\n\n\n<div class=\"wp-block-image\"><figure class=\"aligncenter size-full is-resized\"><img loading=\"lazy\" src=\"https:\/\/annapa.cz\/wp-content\/uploads\/2022\/02\/porod-tvorba-matek-FINAL.jpg\" alt=\"\" class=\"wp-image-151\" width=\"436\" height=\"436\" srcset=\"https:\/\/annapa.cz\/wp-content\/uploads\/2022\/02\/porod-tvorba-matek-FINAL.jpg 787w, https:\/\/annapa.cz\/wp-content\/uploads\/2022\/02\/porod-tvorba-matek-FINAL-300x300.jpg 300w, https:\/\/annapa.cz\/wp-content\/uploads\/2022\/02\/porod-tvorba-matek-FINAL-150x150.jpg 150w, https:\/\/annapa.cz\/wp-content\/uploads\/2022\/02\/porod-tvorba-matek-FINAL-768x768.jpg 768w\" sizes=\"(max-width: 436px) 100vw, 436px\" \/><\/figure><\/div>\n\n\n\n<h5 class=\"has-black-color has-text-color\" id=\"co-mi-prinasi-porodni-asistence\">Co mi p\u0159in\u00e1\u0161\u00ed porodn\u00ed asistence?<\/h5>\n\n\n\n<p class=\"has-black-color has-text-color\">\u0160irok\u00e9 mo\u017enosti p\u00e9\u010de mi p\u0159in\u00e1\u0161\u00ed bohat\u00e9 p\u0159\u00edle\u017eitosti k&nbsp;dal\u0161\u00edmu vzd\u011bl\u00e1v\u00e1n\u00ed v&nbsp;mnoha oblastech a pr\u00e1ce s&nbsp;lidmi \u010dasto ve zlomov\u00fdch momentech \u017eivota neust\u00e1l\u00e9 podn\u011bty pro osobn\u00ed seberozvoj. R\u00e1da spojuji informace z\u00edskan\u00e9 posledn\u00edmi v\u00fdzkumy, p\u0159\u00edle\u017eitosti technick\u00e9ho v\u00fdvoje, s&nbsp;tradi\u010dn\u00edmi dovednostmi a znalostmi, holistick\u00fdm p\u0159\u00edstupem k&nbsp;\u010dlov\u011bku. Konkr\u00e9tn\u011b vyu\u017e\u00edv\u00e1m a postupn\u011b prohlubuji dovednosti pr\u00e1ce s&nbsp;rebozem (\u0161\u00e1tky, vyu\u017eiteln\u00e9 k&nbsp;zavinov\u00e1n\u00ed, mas\u00e1\u017e\u00edm, polohov\u00e1n\u00ed, nejen v&nbsp;t\u011bhotenstv\u00ed a u porodu), aromaterapi\u00ed, bylinami (vyu\u017eiteln\u00e9 mnoha zp\u016fsoby v\u010detn\u011b \u017eensk\u00e9 bylinn\u00e9 nap\u00e1\u0159ky, ve form\u011b olej\u016f, tinktur aj.)<\/p>\n\n\n\n<p class=\"has-text-color\" style=\"color:#850a64\">C\u00edlem m\u00e9 pr\u00e1ce je podpo\u0159it \u017eeny\/rodiny tak, aby svou cestu plodn\u00fdm obdob\u00edm, t\u011bhotenstv\u00edm, porodem, \u0161estined\u011bl\u00edm zvl\u00e1dly samostatn\u011b, v&nbsp;co nejv\u011bt\u0161\u00edm zdrav\u00ed a harmonii, s&nbsp;podporou ale po sv\u00e9m, a aby pro n\u011b zlomov\u00e9 momenty v&nbsp;jejich \u017eivot\u011b byly zdrojem sebev\u011bdom\u00ed a s\u00edly.<\/p>\n\n\n\n<h5 class=\"has-black-color has-text-color\" id=\"co-mi-dava-nejvetsi-smysl\">Co mi d\u00e1v\u00e1 nejv\u011bt\u0161\u00ed smysl?<\/h5>\n\n\n\n<figure class=\"wp-block-embed alignright is-type-video is-provider-youtube wp-block-embed-youtube wp-embed-aspect-16-9 wp-has-aspect-ratio\"><div class=\"wp-block-embed__wrapper\">\n<iframe loading=\"lazy\" title=\"A\u0165 m\u016f\u017eou: Bari\u00e9ry porodn\u00ed asistence\" width=\"750\" height=\"422\" src=\"https:\/\/www.youtube.com\/embed\/Bc6hW8IRY4E?feature=oembed\" frameborder=\"0\" allow=\"accelerometer; autoplay; clipboard-write; encrypted-media; gyroscope; picture-in-picture; web-share\" referrerpolicy=\"strict-origin-when-cross-origin\" allowfullscreen><\/iframe>\n<\/div><figcaption>Video z projektu <a href=\"http:\/\/www.atmuzou.cz\">www.atmuzou.cz<\/a><\/figcaption><\/figure>\n\n\n\n<p class=\"has-black-color has-text-color\">Kontinu\u00e1ln\u00ed model p\u00e9\u010de p\u0159in\u00e1\u0161\u00ed mnoho benefit\u016f pro \u017eenu a d\u00edt\u011b, porodn\u00ed asistentka v&nbsp;tomto modelu m\u016f\u017ee vyu\u017e\u00edt podrobnou znalost anamn\u00e9zy \u017eeny, pr\u016fb\u011bhu t\u011bhotenstv\u00ed, jej\u00edch p\u0159\u00e1n\u00ed a obav i d\u016fv\u011brn\u011bj\u0161\u00edho vztahu, kter\u00fd se \u017eenou nav\u00e1zala. Kontinu\u00e1ln\u00ed individualizovan\u00e1 p\u00e9\u010de se v\u00fdzkumy uk\u00e1zala jako v\u00fdznamn\u011b bezpe\u010dn\u011bj\u0161\u00ed model p\u00e9\u010de, z\u00e1rove\u0148 je velmi efektivn\u00ed. Mn\u011b osobn\u011b tak\u00e9 d\u00e1v\u00e1 nejv\u011bt\u0161\u00ed smysl. P\u0159i p\u00e9\u010di o jednu \u017eenu\/\u017eenu a d\u00edt\u011b\/rodinu v&nbsp;del\u0161\u00edm \u010dasov\u00e9m \u00faseku mohu vid\u011bt vliv m\u00e9 p\u00e9\u010de a z\u00edsk\u00e1vat tak zp\u011btnou vazbu.<\/p>\n\n\n\n<p class=\"has-black-color has-text-color\">Bohu\u017eel tato forma p\u00e9\u010de u n\u00e1s nen\u00ed podporov\u00e1na ze zdravotn\u00edho poji\u0161t\u011bn\u00ed jako je to mu v\u00a0jin\u00fdch st\u00e1tech. O zm\u011bny a osv\u011btu v\u00a0t\u00e9to oblasti se sna\u017e\u00ed mj. projekt A\u0165 m\u016f\u017eou <a href=\"http:\/\/www.atmuzou.cz\">www.atmuzou.cz<\/a><\/p>\n\n\n\n<figure class=\"wp-block-embed is-type-video is-provider-youtube wp-block-embed-youtube wp-embed-aspect-16-9 wp-has-aspect-ratio\"><div class=\"wp-block-embed__wrapper\">\n<iframe loading=\"lazy\" title=\"Hovory z porodn\u00edho gau\u010de: Anna Hrab\u00e1nkov\u00e1 (\u0160kvorov\u00e1)\" width=\"750\" height=\"422\" src=\"https:\/\/www.youtube.com\/embed\/w-fB9-n_uuY?start=2&#038;feature=oembed\" frameborder=\"0\" allow=\"accelerometer; autoplay; clipboard-write; encrypted-media; gyroscope; picture-in-picture; web-share\" referrerpolicy=\"strict-origin-when-cross-origin\" allowfullscreen><\/iframe>\n<\/div><figcaption>Rozhovor Hovory z porodn\u00edho gau\u010de z 10\/2025<\/figcaption><\/figure>\n\n\n\n<p><\/p>\n","protected":false},"excerpt":{"rendered":"<p>o o Na porodu z\u00e1le\u017e\u00ed Pro\u010d jsem se vydala cestou porodn\u00ed asistence? Proto\u017ee na porodu z\u00e1le\u017e\u00ed pro \u017eeny, d\u011bti, rodiny i celou spole\u010dnost. Porod v sob\u011b skr\u00fdv\u00e1 obrovsk\u00fd potenci\u00e1l. M\u016f\u017ee \u017eenu velmi pos\u00edlit, uk\u00e1zat j\u00ed jej\u00ed s\u00edlu a schopnosti, o kter\u00fdch dosud netu\u0161ila, m\u00e1 i l\u00e9\u010div\u00fd potenci\u00e1l, pokud je b\u011bhem [&hellip;]<\/p>\n","protected":false},"author":1,"featured_media":0,"parent":0,"menu_order":0,"comment_status":"closed","ping_status":"closed","template":"","meta":{"om_disable_all_campaigns":false,"_monsterinsights_skip_tracking":false,"_monsterinsights_sitenote_active":false,"_monsterinsights_sitenote_note":"","_monsterinsights_sitenote_category":0},"_links":{"self":[{"href":"https:\/\/annapa.cz\/index.php?rest_route=\/wp\/v2\/pages\/88"}],"collection":[{"href":"https:\/\/annapa.cz\/index.php?rest_route=\/wp\/v2\/pages"}],"about":[{"href":"https:\/\/annapa.cz\/index.php?rest_route=\/wp\/v2\/types\/page"}],"author":[{"embeddable":true,"href":"https:\/\/annapa.cz\/index.php?rest_route=\/wp\/v2\/users\/1"}],"replies":[{"embeddable":true,"href":"https:\/\/annapa.cz\/index.php?rest_route=%2Fwp%2Fv2%2Fcomments&post=88"}],"version-history":[{"count":56,"href":"https:\/\/annapa.cz\/index.php?rest_route=\/wp\/v2\/pages\/88\/revisions"}],"predecessor-version":[{"id":1102,"href":"https:\/\/annapa.cz\/index.php?rest_route=\/wp\/v2\/pages\/88\/revisions\/1102"}],"wp:attachment":[{"href":"https:\/\/annapa.cz\/index.php?rest_route=%2Fwp%2Fv2%2Fmedia&parent=88"}],"curies":[{"name":"wp","href":"https:\/\/api.w.org\/{rel}","templated":true}]}}