{"id":916,"date":"2025-09-20T16:56:06","date_gmt":"2025-09-20T14:56:06","guid":{"rendered":"https:\/\/annapa.cz\/?page_id=916"},"modified":"2025-09-20T17:34:37","modified_gmt":"2025-09-20T15:34:37","slug":"workshop-paul-golden","status":"publish","type":"page","link":"https:\/\/annapa.cz\/?page_id=916","title":{"rendered":"Workshop Paul Golden"},"content":{"rendered":"\n<h2 class=\"has-text-align-center\"><strong>Workshop vzp\u0159\u00edmen\u00fd porod koncem p\u00e1nevn\u00edm<\/strong><\/h2>\n\n\n\n<p>Paul Golden \u2013 porodn\u00ed asistent a neonatologick\u00fd specialista \/ midwife and neonatology specialist<\/p>\n\n\n\n<p>6.10. 2025 Praha 8, V\u00edtkova 10, Atma centrum, <a href=\"https:\/\/www.google.com\/maps\/place\/V%C3%ADtkova+241%2F10,+186+00+Karl%C3%ADn\/@50.0904209,14.4438799,17z\/data=!3m1!4b1!4m5!3m4!1s0x470b94bd2e8674e1:0x15278117d2506d39!8m2!3d50.0904209!4d14.4460686?hl=en\" target=\"_blank\" rel=\"noreferrer noopener\">Mapa zde<\/a>.<\/p>\n\n\n\n<ul><li>8:00 \u2013 8:30 registrace\/ registration<\/li><li>11:30 \u2013 12:30 ob\u011bd\/ lunch<\/li><li>15:00 konec\/ end<\/li><\/ul>\n\n\n\n<div class=\"wp-block-media-text alignwide is-stacked-on-mobile\" style=\"grid-template-columns:47% auto\"><figure class=\"wp-block-media-text__media\"><img loading=\"lazy\" width=\"1024\" height=\"1024\" src=\"https:\/\/annapa.cz\/wp-content\/uploads\/2025\/09\/PaulBreech4-1024x1024.jpg\" alt=\"\" class=\"wp-image-924 size-full\" srcset=\"https:\/\/annapa.cz\/wp-content\/uploads\/2025\/09\/PaulBreech4-1024x1024.jpg 1024w, https:\/\/annapa.cz\/wp-content\/uploads\/2025\/09\/PaulBreech4-300x300.jpg 300w, https:\/\/annapa.cz\/wp-content\/uploads\/2025\/09\/PaulBreech4-150x150.jpg 150w, https:\/\/annapa.cz\/wp-content\/uploads\/2025\/09\/PaulBreech4-768x768.jpg 768w, https:\/\/annapa.cz\/wp-content\/uploads\/2025\/09\/PaulBreech4-1536x1536.jpg 1536w, https:\/\/annapa.cz\/wp-content\/uploads\/2025\/09\/PaulBreech4-2048x2048.jpg 2048w\" sizes=\"(max-width: 1024px) 100vw, 1024px\" \/><\/figure><div class=\"wp-block-media-text__content\">\n<p>Workshop p\u0159edstav\u00ed jednotliv\u00e9 f\u00e1ze porodu koncem p\u00e1nevn\u00edm a co je pro n\u011b typick\u00e9. Jak\u00fdmi zp\u016fsoby rozeznat, zda se d\u00edt\u011bti da\u0159\u00ed, nebo zda je pot\u0159eba proces porodu podpo\u0159it a jak. Uk\u00e1\u017eeme si a <strong>budeme prakticky tr\u00e9novat \u0159e\u0161en\u00ed pot\u00ed\u017e\u00ed<\/strong> jednotliv\u00fdch f\u00e1z\u00ed porodu koncem p\u00e1nevn\u00edm.<\/p>\n\n\n\n<p>Sou\u010dasn\u00e9 znalosti p\u0159in\u00e1\u0161\u00ed <strong>mo\u017enosti jemn\u011bj\u0161\u00edch efektivn\u00edch man\u00e9vr\u016f pomoci<\/strong> p\u0159i akutn\u00edch pot\u00ed\u017e\u00edch porodu koncem p\u00e1nevn\u00edm. V\u0161ichni zdravotn\u00edci v&nbsp;porodn\u00ed p\u00e9\u010di by ty z\u00e1kladn\u00ed m\u011bli zn\u00e1t a tr\u00e9novat, proto\u017ee k&nbsp;porodu koncem p\u00e1nevn\u00edm m\u016f\u017ee doj\u00edt i zcela neo\u010dek\u00e1van\u011b. Stejn\u011b jako <strong>zhodnocen\u00ed stavu novorozence<\/strong> po porodu a resuscitaci, kter\u00fdm se Paul bude tak\u00e9 v\u011bnovat. Roz\u0161\u00ed\u0159en\u00ed t\u011bchto informac\u00ed a dovednost\u00ed m\u016f\u017ee p\u0159in\u00e9st v\u011bt\u0161\u00ed klid a p\u0159isp\u011bt k&nbsp;postupn\u00e9mu obnoven\u00ed znalost\u00ed a dovednost\u00ed spojen\u00fdch s&nbsp;porodem koncem p\u00e1nevn\u00edm.<\/p>\n<\/div><\/div>\n\n\n\n<p>Paul Golden se specializuje na porody koncem p\u00e1nevn\u00edm a porody dvoj\u010dat. M\u016f\u017ee s&nbsp;n\u00e1mi sd\u00edlet zaj\u00edmav\u00e9 kazuistiky ze sv\u00e9 praxe i v\u00fdznamn\u00e9 evropsk\u00e9 soudn\u00ed p\u0159\u00edpady atd.<\/p>\n\n\n\n<p>Kurz bude prob\u00edhat v&nbsp;angli\u010dtin\u011b s&nbsp;nesimult\u00e1nn\u00edm \u017eiv\u00fdm p\u0159ekladem do \u010de\u0161tiny.<\/p>\n\n\n\n<p>Po\u010det m\u00edst je omezen na 17 lid\u00ed, nev\u00e1hejte s&nbsp;p\u0159ihla\u0161ov\u00e1n\u00edm.<\/p>\n\n\n\n<p>Ceny:<\/p>\n\n\n\n<ul><li>l\u00e9ka\u0159i\/ky, porodn\u00ed asistentky, zdravotn\u00ed sestry <strong>3 600 K\u010d<\/strong>, early bird <strong>2 850 K\u010d<\/strong><\/li><li>studenti\/ky, mate\u0159sk\u00e1\/rodi\u010dovsk\u00e1 <strong>3&nbsp;100 K\u010d<\/strong>, early bird <strong>2 450 K\u010d<\/strong><\/li><li>Early bird ceny plat\u00ed do <strong>28.9.<\/strong><\/li><\/ul>\n\n\n\n<p>\u00da\u010dastnick\u00fd poplatek zahrnuje: p\u0159\u00edpravu kurzu, honor\u00e1\u0159 a dal\u0161\u00ed n\u00e1klady lektora, zaji\u0161t\u011bn\u00ed pom\u016fcek, p\u0159eklad, n\u00e1jem prostor, certifik\u00e1t pro absolventy kurzu, drobn\u00e9 ob\u010derstven\u00ed. Ob\u011bd v&nbsp;cen\u011b zahrnut nen\u00ed.<\/p>\n\n\n\n<p>Registra\u010dn\u00ed formul\u00e1\u0159 zde: <a href=\"https:\/\/forms.gle\/vqTChqevZDEwadoz9\">https:\/\/forms.gle\/vqTChqevZDEwadoz9<\/a><\/p>\n\n\n\n<p>Ud\u00e1lost na Facebooku k \u0161\u00ed\u0159en\u00ed zde: <a href=\"https:\/\/www.facebook.com\/events\/640938659069069\">https:\/\/www.facebook.com\/events\/640938659069069<\/a><\/p>\n\n\n\n<p>V&nbsp;p\u0159\u00edpad\u011b pot\u00ed\u017e\u00ed pi\u0161te na <a href=\"mailto:anna.skvorov@gmail.com\">anna.skvorov@gmail.com<\/a><\/p>\n\n\n\n<div class=\"wp-block-columns\">\n<div class=\"wp-block-column\" style=\"flex-basis:100%\">\n<div class=\"wp-container-2 wp-block-group\"><div class=\"wp-block-group__inner-container\">\n<div class=\"wp-block-columns\">\n<div class=\"wp-block-column\" style=\"flex-basis:100%\">\n<div class=\"wp-container-1 wp-block-group\"><div class=\"wp-block-group__inner-container\">\n<div class=\"wp-block-media-text is-stacked-on-mobile\" style=\"grid-template-columns:34% auto\"><figure class=\"wp-block-media-text__media\"><img loading=\"lazy\" width=\"400\" height=\"400\" src=\"https:\/\/annapa.cz\/wp-content\/uploads\/2025\/09\/Paul-Golden-1-1.jpeg\" alt=\"\" class=\"wp-image-923 size-full\" srcset=\"https:\/\/annapa.cz\/wp-content\/uploads\/2025\/09\/Paul-Golden-1-1.jpeg 400w, https:\/\/annapa.cz\/wp-content\/uploads\/2025\/09\/Paul-Golden-1-1-300x300.jpeg 300w, https:\/\/annapa.cz\/wp-content\/uploads\/2025\/09\/Paul-Golden-1-1-150x150.jpeg 150w\" sizes=\"(max-width: 400px) 100vw, 400px\" \/><\/figure><div class=\"wp-block-media-text__content\">\n<p><strong>Paul Golden<\/strong> je nez\u00e1visl\u00fd&nbsp;<strong>cestuj\u00edc\u00ed porodn\u00ed asistent<\/strong>&nbsp;z Velk\u00e9 Brit\u00e1nie, kter\u00fd klinicky pracuje p\u0159es 35 let. Pracoval v r\u00e1mci velk\u00fdch ve\u0159ejn\u00fdch i soukrom\u00fdch nemocnic, v porodn\u00edch centrech i u porod\u016f v dom\u00e1c\u00edm prost\u0159ed\u00ed v mnoha zem\u00edch Evropy a Asie, v \u010c\u00edn\u011b, Indii, Austr\u00e1lii, na Nov\u00e9m Z\u00e9landu, Sr\u00ed Lance.<\/p>\n\n\n\n<p>Je&nbsp;<strong>specialista v neonatologii a pediatrii<\/strong>. M\u00e1 za sebou v\u00fdcviky v intubaci, p\u0159edepisov\u00e1n\u00ed l\u00e9k\u016f, akutn\u00edch stavech aj. Pracoval na jednotk\u00e1ch intenzivn\u00ed a resuscita\u010dn\u00ed p\u00e9\u010de v mnoha zem\u00edch.<\/p>\n\n\n\n<p>Paul Golden je&nbsp;<strong>pr\u00e1vn\u00edk<\/strong>, <strong>soudn\u00ed znalec<\/strong>,&nbsp;<strong>medi\u00e1tor<\/strong>. Poskytuje pr\u00e1vn\u00ed poradenstv\u00ed, v\u011bnuje se mezin\u00e1rodn\u00edm reproduk\u010dn\u00edm pr\u00e1v\u016fm, lidsk\u00fdm pr\u00e1v\u016fm b\u011bhem hospitalizace a&nbsp;p\u0159i&nbsp;poskytov\u00e1n\u00ed zdravotn\u00ed p\u00e9\u010de, pr\u00e1v\u016fm zam\u011bstnanc\u016f, regulaci porodn\u00ed asistence \/ porodn\u00ed p\u00e9\u010de atd. <a href=\"mailto:Midwifemediator@gmail.com\">Midwifemediator@gmail.com<\/a><\/p>\n<\/div><\/div>\n<\/div><\/div>\n<\/div>\n<\/div>\n<\/div><\/div>\n<\/div>\n<\/div>\n\n\n\n<p class=\"has-text-align-center\"><strong>Upright breech birth workshop<\/strong><\/p>\n\n\n\n<p class=\"has-text-align-center\">Paul Golden \u2013 midwife and neonatology specialist<\/p>\n\n\n\n<p>This workshop will introduce phases of breech birth and what is typical for them. What ways to recognize whether the baby is doing well or whether the birth process needs to be supported and how. We will demonstrate and <strong>practically train how to solve the problems<\/strong> of the individual phases of breech birth.<\/p>\n\n\n\n<p>Current knowledge brings the <strong>possibility of more gentle and effective maneuvers<\/strong> <strong>to help<\/strong> with acute problems of breech birth. All healthcare professionals in maternity care should know and practice the basic ones, because breech birth can also occur completely unexpectedly. As well as the <strong>assessment of the condition of the newborn<\/strong> after delivery and resuscitation, which Paul will also include. Expanding this information and skills can bring greater peace of mind and contribute to the gradual restoration of knowledge and skills associated with breech birth.<\/p>\n\n\n\n<p>Paul Golden specializes in breech and twin births. He can share interesting case studies from his practice, as well as important European court cases, etc.<\/p>\n\n\n\n<p>The course will be held in English with non-simultaneous live translation to Czech.<\/p>\n\n\n\n<p>The number of places is limited to 17 people, do not hesitate to register.<\/p>\n\n\n\n<p>Prices:<\/p>\n\n\n\n<ul><li>doctors, midwives, nurses <strong>3,600 CZK<\/strong>, early bird <strong>2,850 CZK<\/strong><\/li><li>students, maternity\/parental <strong>3,100 CZK<\/strong>, early bird <strong>2,450 CZK<\/strong><\/li><li>Early bird prices are for registration until 28.9.<\/li><\/ul>\n\n\n\n<p>The participation fee includes: course preparation, lecturer&#8217;s fee and other costs, provision of aids, space rental, certificate for course graduates, light refreshments. Lunch is not included in the price.<\/p>\n\n\n\n<p>Registration form here: <a href=\"https:\/\/forms.gle\/vqTChqevZDEwadoz9\">https:\/\/forms.gle\/vqTChqevZDEwadoz9<\/a><\/p>\n\n\n\n<p>In case of problems, write to: <a href=\"mailto:anna.skvorov@gmail.com\">anna.skvorov@gmail.com<\/a><\/p>\n\n\n\n<div class=\"wp-block-media-text alignwide is-stacked-on-mobile\"><figure class=\"wp-block-media-text__media\"><img loading=\"lazy\" width=\"1024\" height=\"1024\" src=\"https:\/\/annapa.cz\/wp-content\/uploads\/2025\/09\/Paul-Golden-1-1024x1024.jpg\" alt=\"\" class=\"wp-image-925 size-full\" srcset=\"https:\/\/annapa.cz\/wp-content\/uploads\/2025\/09\/Paul-Golden-1-1024x1024.jpg 1024w, https:\/\/annapa.cz\/wp-content\/uploads\/2025\/09\/Paul-Golden-1-300x300.jpg 300w, https:\/\/annapa.cz\/wp-content\/uploads\/2025\/09\/Paul-Golden-1-150x150.jpg 150w, https:\/\/annapa.cz\/wp-content\/uploads\/2025\/09\/Paul-Golden-1-768x768.jpg 768w, https:\/\/annapa.cz\/wp-content\/uploads\/2025\/09\/Paul-Golden-1-1536x1536.jpg 1536w, https:\/\/annapa.cz\/wp-content\/uploads\/2025\/09\/Paul-Golden-1-2048x2048.jpg 2048w\" sizes=\"(max-width: 1024px) 100vw, 1024px\" \/><\/figure><div class=\"wp-block-media-text__content\">\n<p><strong>Paul Golden<\/strong> is an independent <strong>travelling midwife <\/strong>from the UK who has been working clinically for over 35 years. He has worked in large public and private hospitals, birth centres and home births in many countries in Europe and Asia, China, India, Australia, New Zealand, Sri Lanka.<\/p>\n\n\n\n<p>He is a <strong>specialist in neonatology and paediatrics<\/strong>. He has been trained in intubation, medication prescription, acute conditions etc. He has worked in intensive care and resuscitation units in many countries.<\/p>\n\n\n\n<p>Paul Golden is a <strong>lawyer, expert witness, mediator<\/strong>. He provides legal advice, deals with international reproductive rights, human rights during hospitalisation and healthcare, employee rights, regulation of midwifery\/natal care etc. <a href=\"mailto:Midwifemediator@gmail.com\">Midwifemediator@gmail.com<\/a><\/p>\n<\/div><\/div>\n","protected":false},"excerpt":{"rendered":"<p>Workshop vzp\u0159\u00edmen\u00fd porod koncem p\u00e1nevn\u00edm Paul Golden \u2013 porodn\u00ed asistent a neonatologick\u00fd specialista \/ midwife and neonatology specialist 6.10. 2025 Praha 8, V\u00edtkova 10, Atma centrum, Mapa zde. 8:00 \u2013 8:30 registrace\/ registration 11:30 \u2013 12:30 ob\u011bd\/ lunch 15:00 konec\/ end Workshop p\u0159edstav\u00ed jednotliv\u00e9 f\u00e1ze porodu koncem p\u00e1nevn\u00edm a co [&hellip;]<\/p>\n","protected":false},"author":1,"featured_media":0,"parent":904,"menu_order":0,"comment_status":"closed","ping_status":"closed","template":"","meta":{"om_disable_all_campaigns":false,"_monsterinsights_skip_tracking":false,"_monsterinsights_sitenote_active":false,"_monsterinsights_sitenote_note":"","_monsterinsights_sitenote_category":0},"_links":{"self":[{"href":"https:\/\/annapa.cz\/index.php?rest_route=\/wp\/v2\/pages\/916"}],"collection":[{"href":"https:\/\/annapa.cz\/index.php?rest_route=\/wp\/v2\/pages"}],"about":[{"href":"https:\/\/annapa.cz\/index.php?rest_route=\/wp\/v2\/types\/page"}],"author":[{"embeddable":true,"href":"https:\/\/annapa.cz\/index.php?rest_route=\/wp\/v2\/users\/1"}],"replies":[{"embeddable":true,"href":"https:\/\/annapa.cz\/index.php?rest_route=%2Fwp%2Fv2%2Fcomments&post=916"}],"version-history":[{"count":8,"href":"https:\/\/annapa.cz\/index.php?rest_route=\/wp\/v2\/pages\/916\/revisions"}],"predecessor-version":[{"id":934,"href":"https:\/\/annapa.cz\/index.php?rest_route=\/wp\/v2\/pages\/916\/revisions\/934"}],"up":[{"embeddable":true,"href":"https:\/\/annapa.cz\/index.php?rest_route=\/wp\/v2\/pages\/904"}],"wp:attachment":[{"href":"https:\/\/annapa.cz\/index.php?rest_route=%2Fwp%2Fv2%2Fmedia&parent=916"}],"curies":[{"name":"wp","href":"https:\/\/api.w.org\/{rel}","templated":true}]}}